{"id":11018,"date":"2022-10-24T15:27:49","date_gmt":"2022-10-24T13:27:49","guid":{"rendered":"https:\/\/webtest.vi2vi-retail-solution.com\/videosurveillance\/"},"modified":"2024-06-27T13:24:14","modified_gmt":"2024-06-27T11:24:14","slug":"videosurveillance","status":"publish","type":"page","link":"https:\/\/vi2vi-retail-solution.com\/fr\/solutions\/videosurveillance\/","title":{"rendered":"Vid\u00e9osurveillance"},"content":{"rendered":"<p>[vc_row full_width=&#8221;stretch_row&#8221; kd_background_image_position=&#8221;vc_row-bg-position-top&#8221; css=&#8221;.vc_custom_1719487450070{padding-top: 260px !important;padding-bottom: 260px !important;background-image: url(https:\/\/vi2vi-retail-solution.com\/wp-content\/uploads\/2022\/11\/header_kamera-orange1920x800px.jpg?id=10073) !important;background-position: center !important;background-repeat: no-repeat !important;background-size: cover !important;}&#8221; el_class=&#8221;intro-section&#8221; css_mobile=&#8221;.vc_custom_1719487450071{padding-top: 100px !important;padding-bottom: 150px !important;}&#8221; css_tablet_portrait=&#8221;.vc_custom_1719487450070{padding-top: 200px !important;padding-bottom: 250px !important;}&#8221; top_section_title=&#8221;&#8221; bottom_section_title=&#8221;&#8221;][vc_column][vc_row_inner kd_background_image_position=&#8221;vc_row-bg-position-top&#8221;][vc_column_inner]<header class=\"kd-section-title col-lg-12 text-center  subtitle-below-title kd-animated fadeIn   vc_custom_1669384155078\" data-animation-delay=200><h1 class=\"separator_off\" style=\"color: #ffffff;font-size: 52px;line-height: 68px;margin-bottom:30px;\">Vid\u00e9o IP<\/h1><h6 class=\"subtitle\" style=\"color: rgba(255,255,255,0.8);\">Des solutions de vid\u00e9osurveillance adapt\u00e9es \u00e0 vos besoins<br \/>\navec des produits de fabricants renomm\u00e9s pour votre projet.<\/h6><\/header><div class=\"scroll-down-wrapper sd-align-center kd-animated fadeInUp  vc_custom_1606153287439\" data-animation-delay=200><a href=\"#first-section\" class=\"scroll-down-arrow btn-smooth-scroll\" style=\"background-color: #ffffff;\"><\/a><\/div>[\/vc_column_inner][\/vc_row_inner][\/vc_column][\/vc_row][vc_row kd_background_image_position=&#8221;vc_row-bg-position-top&#8221; css=&#8221;.vc_custom_1606153293701{margin-bottom: 0px !important;padding-top: 100px !important;}&#8221; el_id=&#8221;first-section&#8221;][vc_column css=&#8221;.vc_custom_1597839056189{padding-right: 0px !important;padding-left: 0px !important;}&#8221;]<header class=\"kd-section-title col-lg-12 text-center  subtitle-above-title kd-animated fadeIn  \" data-animation-delay=200><h6 class=\"subtitle\" style=\"color: #aeaeae;font-size:15px;\">GARDEZ UNE VUE D'ENSEMBLE<\/h6><h2 class=\"separator_off\" >La s\u00e9curit\u00e9 par la vid\u00e9o<\/h2><\/header>[\/vc_column][\/vc_row][vc_row kd_background_image_position=&#8221;vc_row-bg-position-top&#8221; css=&#8221;.vc_custom_1606153293701{margin-bottom: 0px !important;padding-top: 100px !important;}&#8221;][vc_column width=&#8221;1\/2&#8243; css=&#8221;.vc_custom_1666616007965{padding-right: 50px !important;padding-left: 50px !important;}&#8221;][vc_single_image image=&#8221;10075&#8243; img_size=&#8221;400&#215;400&#8243; style=&#8221;vc_box_rounded&#8221; css_animation=&#8221;fadeIn&#8221;][\/vc_column][vc_column width=&#8221;1\/2&#8243;][vc_column_text]Dans notre portefeuille de produits, nous mettons l&#8217;accent sur des composants hautement \u00e9volutifs et faciles \u00e0 utiliser, afin de r\u00e9pondre aux besoins des grandes cha\u00eenes de distribution dans le cadre de projets de d\u00e9ploiement internationaux. Nous vous offrons une libert\u00e9 maximale dans la conception et la mise en \u0153uvre de votre solution vid\u00e9o.[\/vc_column_text][vc_column_text]<span style=\"color: #1e266d;\"><strong>NOS AVANTAGES<\/strong><\/span>[\/vc_column_text]<ul class=\"kd-icon-list kd-animated fadeIn\" data-animation-delay=400><li class=\"kd-icon-list-item\"><div class=\"kd-icon-wrapper icon-square\" ><i class=\"fas fa-check\" style=\"color: #ffffff;\"><\/i><\/div><span class=\"kd-list-text\" >hautement \u00e9volutif et facile \u00e0 utiliser<\/span><\/li><li class=\"kd-icon-list-item\"><div class=\"kd-icon-wrapper icon-square\" ><i class=\"fas fa-check\" style=\"color: #ffffff;\"><\/i><\/div><span class=\"kd-list-text\" >peut \u00eatre utilis\u00e9 intuitivement sans formation intensive<\/span><\/li><li class=\"kd-icon-list-item\"><div class=\"kd-icon-wrapper icon-square\" ><i class=\"fas fa-check\" style=\"color: #ffffff;\"><\/i><\/div><span class=\"kd-list-text\" >utilisation simple et rapide<\/span><\/li><li class=\"kd-icon-list-item\"><div class=\"kd-icon-wrapper icon-square\" ><i class=\"fas fa-check\" style=\"color: #ffffff;\"><\/i><\/div><span class=\"kd-list-text\" >R\u00e9pondez imm\u00e9diatement aux \u00e9v\u00e9nements avec des alertes en temps r\u00e9el<\/span><\/li><li class=\"kd-icon-list-item\"><div class=\"kd-icon-wrapper icon-square\" ><i class=\"fas fa-check\" style=\"color: #ffffff;\"><\/i><\/div><span class=\"kd-list-text\" >Sortie vers les appareils mobiles du personnel<\/span><\/li><li class=\"kd-icon-list-item\"><div class=\"kd-icon-wrapper icon-square\" ><i class=\"fas fa-check\" style=\"color: #ffffff;\"><\/i><\/div><span class=\"kd-list-text\" >plateforme web innovante<\/span><\/li><li class=\"kd-icon-list-item\"><div class=\"kd-icon-wrapper icon-square\" ><i class=\"fas fa-check\" style=\"color: #ffffff;\"><\/i><\/div><span class=\"kd-list-text\" >peut \u00eatre utilis\u00e9 dans le cloud ainsi que dans votre propre infrastructure<\/span><\/li><\/ul>[vc_empty_space][\/vc_column][\/vc_row][vc_row kd_background_image_position=&#8221;vc_row-bg-position-top&#8221; css=&#8221;.vc_custom_1606153293701{margin-bottom: 0px !important;padding-top: 100px !important;}&#8221;][vc_column css=&#8221;.vc_custom_1666616007965{padding-right: 50px !important;padding-left: 50px !important;}&#8221;][vc_column_text]<\/p>\n<h4>Plate-forme de gestion centrale<\/h4>\n<p>Les interfaces logicielles de nos partenaires sont intuitives et imm\u00e9diatement utilisables sans formation intensive. Cela permet \u00e9galement aux collaborateurs du magasin de b\u00e9n\u00e9ficier d&#8217;une utilisation rapide et simple. Les alarmes g\u00e9n\u00e9r\u00e9es \u00e0 partir des donn\u00e9es en temps r\u00e9el peuvent \u00eatre facilement int\u00e9gr\u00e9es aux terminaux mobiles du personnel. Ils gardent ainsi une vue d&#8217;ensemble en direct de l&#8217;action et peuvent \u00e9galement r\u00e9agir rapidement aux \u00e9v\u00e9nements depuis le &#8220;si\u00e8ge&#8221;.<\/p>\n<p>La plate-forme de gestion centrale permet de configurer, de g\u00e9rer et de surveiller des installations autonomes sur de nombreux sites. La plateforme innovante est bas\u00e9e sur le web, ce qui leur permet de l&#8217;exploiter aussi bien dans le cloud que dans leur propre infrastructure. Nous offrons ainsi la possibilit\u00e9 d&#8217;avoir une vue consolid\u00e9e de tous les serveurs et cam\u00e9ras dans toutes les installations existantes et connect\u00e9es. Les modifications de configuration, les mises \u00e0 jour du micrologiciel et autres r\u00e9glages peuvent en outre \u00eatre effectu\u00e9s de mani\u00e8re centralis\u00e9e et transmis \u00e0 toutes les installations incluses.[\/vc_column_text][vc_single_image image=&#8221;9704&#8243; img_size=&#8221;full&#8221; alignment=&#8221;center&#8221; css_animation=&#8221;fadeIn&#8221;][vc_column_text]<\/p>\n<div class=\"fl-module fl-module-photo fl-node-5f02323996302\" data-node=\"5f02323996302\">\n<div class=\"fl-module-content fl-node-content\">\n<div class=\"fl-photo fl-photo-align-center\">\n<p class=\"fl-photo-caption fl-photo-caption-below\" style=\"text-align: right;\"><em>Source : <a href=\"https:\/\/www.qognify.com\/\">Qognify.com<\/a><\/em><\/p>\n<\/div>\n<\/div>\n<\/div>\n<p>[\/vc_column_text][vc_column_text]<\/p>\n<h4>Tout en un clin d&#8217;\u0153il<\/h4>\n<p>Gr\u00e2ce \u00e0 une gestion efficace des alarmes, vous avez toujours un aper\u00e7u des alarmes actuelles, que ce soit sur place dans le magasin ou depuis le si\u00e8ge social. Vous pouvez ainsi les \u00e9valuer rapidement et en d\u00e9tail. M\u00eame par la suite, notre solution vous permet d&#8217;acc\u00e9der rapidement et facilement au mat\u00e9riel pertinent. \u00c0 l&#8217;aide d&#8217;un processus de brouillage simple et automatis\u00e9, exporter des donn\u00e9es vid\u00e9o en conformit\u00e9 avec le RGPD devient un jeu d&#8217;enfant.[\/vc_column_text][\/vc_column][\/vc_row][vc_row full_width=&#8221;stretch_row_content_no_spaces&#8221; kd_background_image_position=&#8221;vc_row-bg-position-top&#8221; css=&#8221;.vc_custom_1596729589098{padding-top: 0px !important;padding-bottom: 100px !important;}&#8221;][vc_column][\/vc_column][\/vc_row][vc_row kd_background_image_position=&#8221;vc_row-bg-position-top&#8221;][vc_column][vc_row_inner kd_background_image_position=&#8221;vc_row-bg-position-top&#8221; kd_background_overlay=&#8221;true&#8221; css=&#8221;.vc_custom_1667225457646{margin-bottom: 100px !important;padding-top: 40px !important;padding-bottom: 40px !important;padding-left: 30px !important;border-radius: 50px !important;}&#8221;][vc_column_inner width=&#8221;1\/4&#8243;][vc_single_image image=&#8221;9714&#8243; img_size=&#8221;185&#215;185&#8243; alignment=&#8221;center&#8221; style=&#8221;vc_box_circle&#8221; css=&#8221;.vc_custom_1667225388927{padding-top: 0px !important;}&#8221;][\/vc_column_inner][vc_column_inner width=&#8221;3\/4&#8243;]<header class=\"kd-section-title col-lg-12 text-left  subtitle-below-title   \" ><h2 class=\"separator_off\" >Des solutions adapt\u00e9es \u00e0 vos besoins<\/h2><\/header>[vc_column_text]Vous avez un projet concret ou vous souhaitez vous informer sur le th\u00e8me de la vid\u00e9o sur IP ?<br \/>\nDans ce cas, n&#8217;h\u00e9sitez pas \u00e0 vous adresser \u00e0 notre interlocutrice <strong>Luise J\u00e4ger.<\/strong>[\/vc_column_text]<a  href=\"mailto:info@vi2vi-retail-solution.com\"  target=\"_self\"  title=\"\"  class=\"tt_button tt_primary_button btn_primary_color  btn-align-left button-action-link icon_right  kd-animated zoomIn\" data-animation-delay=200><span class=\"prim_text\">\u00c9crivez-moi<\/span><span class=\"fas fa-chevron-right iconita\" style=\"font-size:12px;\"><\/span><\/a>[\/vc_column_inner][\/vc_row_inner][\/vc_column][\/vc_row]<\/p>\n","protected":false},"excerpt":{"rendered":"<p>[vc_row full_width=&#8221;stretch_row&#8221; kd_background_image_position=&#8221;vc_row-bg-position-top&#8221; css=&#8221;.vc_custom_1719487450070{padding-top: 260px !important;padding-bottom: 260px !important;background-image: url(https:\/\/vi2vi-retail-solution.com\/wp-content\/uploads\/2022\/11\/header_kamera-orange1920x800px.jpg?id=10073) !important;background-position: center !important;background-repeat: no-repeat !important;background-size: cover !important;}&#8221; el_class=&#8221;intro-section&#8221; css_mobile=&#8221;.vc_custom_1719487450071{padding-top: 100px !important;padding-bottom: [&hellip;]<\/p>\n","protected":false},"author":1,"featured_media":0,"parent":10946,"menu_order":0,"comment_status":"closed","ping_status":"closed","template":"","meta":{"footnotes":""},"class_list":["post-11018","page","type-page","status-publish","hentry"],"yoast_head":"<!-- This site is optimized with the Yoast SEO plugin v24.0 - https:\/\/yoast.com\/wordpress\/plugins\/seo\/ -->\n<title>Vid\u00e9osurveillance - vi2vi Retail Solution<\/title>\n<meta name=\"robots\" content=\"index, follow, max-snippet:-1, max-image-preview:large, max-video-preview:-1\" \/>\n<link rel=\"canonical\" href=\"https:\/\/vi2vi-retail-solution.com\/fr\/solutions\/videosurveillance\/\" \/>\n<meta property=\"og:locale\" content=\"fr_FR\" \/>\n<meta property=\"og:type\" content=\"article\" \/>\n<meta property=\"og:title\" content=\"Vid\u00e9osurveillance - vi2vi Retail Solution\" \/>\n<meta property=\"og:description\" content=\"[vc_row full_width=&#8221;stretch_row&#8221; kd_background_image_position=&#8221;vc_row-bg-position-top&#8221; css=&#8221;.vc_custom_1719487450070{padding-top: 260px !important;padding-bottom: 260px !important;background-image: url(https:\/\/vi2vi-retail-solution.com\/wp-content\/uploads\/2022\/11\/header_kamera-orange1920x800px.jpg?id=10073) !important;background-position: center !important;background-repeat: no-repeat !important;background-size: cover !important;}&#8221; el_class=&#8221;intro-section&#8221; css_mobile=&#8221;.vc_custom_1719487450071{padding-top: 100px !important;padding-bottom: [&hellip;]\" \/>\n<meta property=\"og:url\" content=\"https:\/\/vi2vi-retail-solution.com\/fr\/solutions\/videosurveillance\/\" \/>\n<meta property=\"og:site_name\" content=\"vi2vi Retail Solution\" \/>\n<meta property=\"article:modified_time\" content=\"2024-06-27T11:24:14+00:00\" \/>\n<meta name=\"twitter:card\" content=\"summary_large_image\" \/>\n<meta name=\"twitter:label1\" content=\"Dur\u00e9e de lecture estim\u00e9e\" \/>\n\t<meta name=\"twitter:data1\" content=\"6 minutes\" \/>\n<script type=\"application\/ld+json\" class=\"yoast-schema-graph\">{\"@context\":\"https:\/\/schema.org\",\"@graph\":[{\"@type\":\"WebPage\",\"@id\":\"https:\/\/vi2vi-retail-solution.com\/fr\/solutions\/videosurveillance\/\",\"url\":\"https:\/\/vi2vi-retail-solution.com\/fr\/solutions\/videosurveillance\/\",\"name\":\"Vid\u00e9osurveillance - vi2vi Retail Solution\",\"isPartOf\":{\"@id\":\"https:\/\/vi2vi-retail-solution.com\/fr\/#website\"},\"datePublished\":\"2022-10-24T13:27:49+00:00\",\"dateModified\":\"2024-06-27T11:24:14+00:00\",\"breadcrumb\":{\"@id\":\"https:\/\/vi2vi-retail-solution.com\/fr\/solutions\/videosurveillance\/#breadcrumb\"},\"inLanguage\":\"fr-FR\",\"potentialAction\":[{\"@type\":\"ReadAction\",\"target\":[\"https:\/\/vi2vi-retail-solution.com\/fr\/solutions\/videosurveillance\/\"]}]},{\"@type\":\"BreadcrumbList\",\"@id\":\"https:\/\/vi2vi-retail-solution.com\/fr\/solutions\/videosurveillance\/#breadcrumb\",\"itemListElement\":[{\"@type\":\"ListItem\",\"position\":1,\"name\":\"Startseite\",\"item\":\"https:\/\/vi2vi-retail-solution.com\/fr\/\"},{\"@type\":\"ListItem\",\"position\":2,\"name\":\"Solutions\",\"item\":\"https:\/\/vi2vi-retail-solution.com\/fr\/loesungen\/\"},{\"@type\":\"ListItem\",\"position\":3,\"name\":\"Vid\u00e9osurveillance\"}]},{\"@type\":\"WebSite\",\"@id\":\"https:\/\/vi2vi-retail-solution.com\/fr\/#website\",\"url\":\"https:\/\/vi2vi-retail-solution.com\/fr\/\",\"name\":\"vi2vi Retail Solution\",\"description\":\"IP-Video for Retail\",\"potentialAction\":[{\"@type\":\"SearchAction\",\"target\":{\"@type\":\"EntryPoint\",\"urlTemplate\":\"https:\/\/vi2vi-retail-solution.com\/fr\/?s={search_term_string}\"},\"query-input\":{\"@type\":\"PropertyValueSpecification\",\"valueRequired\":true,\"valueName\":\"search_term_string\"}}],\"inLanguage\":\"fr-FR\"}]}<\/script>\n<!-- \/ Yoast SEO plugin. -->","yoast_head_json":{"title":"Vid\u00e9osurveillance - vi2vi Retail Solution","robots":{"index":"index","follow":"follow","max-snippet":"max-snippet:-1","max-image-preview":"max-image-preview:large","max-video-preview":"max-video-preview:-1"},"canonical":"https:\/\/vi2vi-retail-solution.com\/fr\/solutions\/videosurveillance\/","og_locale":"fr_FR","og_type":"article","og_title":"Vid\u00e9osurveillance - vi2vi Retail Solution","og_description":"[vc_row full_width=&#8221;stretch_row&#8221; kd_background_image_position=&#8221;vc_row-bg-position-top&#8221; css=&#8221;.vc_custom_1719487450070{padding-top: 260px !important;padding-bottom: 260px !important;background-image: url(https:\/\/vi2vi-retail-solution.com\/wp-content\/uploads\/2022\/11\/header_kamera-orange1920x800px.jpg?id=10073) !important;background-position: center !important;background-repeat: no-repeat !important;background-size: cover !important;}&#8221; el_class=&#8221;intro-section&#8221; css_mobile=&#8221;.vc_custom_1719487450071{padding-top: 100px !important;padding-bottom: [&hellip;]","og_url":"https:\/\/vi2vi-retail-solution.com\/fr\/solutions\/videosurveillance\/","og_site_name":"vi2vi Retail Solution","article_modified_time":"2024-06-27T11:24:14+00:00","twitter_card":"summary_large_image","twitter_misc":{"Dur\u00e9e de lecture estim\u00e9e":"6 minutes"},"schema":{"@context":"https:\/\/schema.org","@graph":[{"@type":"WebPage","@id":"https:\/\/vi2vi-retail-solution.com\/fr\/solutions\/videosurveillance\/","url":"https:\/\/vi2vi-retail-solution.com\/fr\/solutions\/videosurveillance\/","name":"Vid\u00e9osurveillance - vi2vi Retail Solution","isPartOf":{"@id":"https:\/\/vi2vi-retail-solution.com\/fr\/#website"},"datePublished":"2022-10-24T13:27:49+00:00","dateModified":"2024-06-27T11:24:14+00:00","breadcrumb":{"@id":"https:\/\/vi2vi-retail-solution.com\/fr\/solutions\/videosurveillance\/#breadcrumb"},"inLanguage":"fr-FR","potentialAction":[{"@type":"ReadAction","target":["https:\/\/vi2vi-retail-solution.com\/fr\/solutions\/videosurveillance\/"]}]},{"@type":"BreadcrumbList","@id":"https:\/\/vi2vi-retail-solution.com\/fr\/solutions\/videosurveillance\/#breadcrumb","itemListElement":[{"@type":"ListItem","position":1,"name":"Startseite","item":"https:\/\/vi2vi-retail-solution.com\/fr\/"},{"@type":"ListItem","position":2,"name":"Solutions","item":"https:\/\/vi2vi-retail-solution.com\/fr\/loesungen\/"},{"@type":"ListItem","position":3,"name":"Vid\u00e9osurveillance"}]},{"@type":"WebSite","@id":"https:\/\/vi2vi-retail-solution.com\/fr\/#website","url":"https:\/\/vi2vi-retail-solution.com\/fr\/","name":"vi2vi Retail Solution","description":"IP-Video for Retail","potentialAction":[{"@type":"SearchAction","target":{"@type":"EntryPoint","urlTemplate":"https:\/\/vi2vi-retail-solution.com\/fr\/?s={search_term_string}"},"query-input":{"@type":"PropertyValueSpecification","valueRequired":true,"valueName":"search_term_string"}}],"inLanguage":"fr-FR"}]}},"_links":{"self":[{"href":"https:\/\/vi2vi-retail-solution.com\/fr\/wp-json\/wp\/v2\/pages\/11018","targetHints":{"allow":["GET"]}}],"collection":[{"href":"https:\/\/vi2vi-retail-solution.com\/fr\/wp-json\/wp\/v2\/pages"}],"about":[{"href":"https:\/\/vi2vi-retail-solution.com\/fr\/wp-json\/wp\/v2\/types\/page"}],"author":[{"embeddable":true,"href":"https:\/\/vi2vi-retail-solution.com\/fr\/wp-json\/wp\/v2\/users\/1"}],"replies":[{"embeddable":true,"href":"https:\/\/vi2vi-retail-solution.com\/fr\/wp-json\/wp\/v2\/comments?post=11018"}],"version-history":[{"count":6,"href":"https:\/\/vi2vi-retail-solution.com\/fr\/wp-json\/wp\/v2\/pages\/11018\/revisions"}],"predecessor-version":[{"id":12186,"href":"https:\/\/vi2vi-retail-solution.com\/fr\/wp-json\/wp\/v2\/pages\/11018\/revisions\/12186"}],"up":[{"embeddable":true,"href":"https:\/\/vi2vi-retail-solution.com\/fr\/wp-json\/wp\/v2\/pages\/10946"}],"wp:attachment":[{"href":"https:\/\/vi2vi-retail-solution.com\/fr\/wp-json\/wp\/v2\/media?parent=11018"}],"curies":[{"name":"wp","href":"https:\/\/api.w.org\/{rel}","templated":true}]}}