{"id":11017,"date":"2022-11-02T13:38:57","date_gmt":"2022-11-02T12:38:57","guid":{"rendered":"https:\/\/webtest.vi2vi-retail-solution.com\/systeme-dalarme-anti-intrusion\/"},"modified":"2024-06-27T13:27:39","modified_gmt":"2024-06-27T11:27:39","slug":"systeme-dalarme-anti-intrusion","status":"publish","type":"page","link":"https:\/\/vi2vi-retail-solution.com\/fr\/solutions\/systeme-dalarme-anti-intrusion\/","title":{"rendered":"Syst\u00e8me d&#8217;alarme anti-intrusion"},"content":{"rendered":"<p>[vc_row full_width=&#8221;stretch_row&#8221; kd_background_image_position=&#8221;vc_row-bg-position-top&#8221; css=&#8221;.vc_custom_1719487656642{padding-top: 260px !important;padding-bottom: 260px !important;background-image: url(https:\/\/vi2vi-retail-solution.com\/wp-content\/uploads\/2022\/11\/header_einbruch-orange1920x800px.jpg?id=10086) !important;background-position: center !important;background-repeat: no-repeat !important;background-size: cover !important;}&#8221; el_class=&#8221;intro-section&#8221; css_mobile=&#8221;.vc_custom_1719487656643{padding-top: 100px !important;padding-bottom: 150px !important;}&#8221; css_tablet_portrait=&#8221;.vc_custom_1719487656643{padding-top: 200px !important;padding-bottom: 250px !important;}&#8221; top_section_title=&#8221;&#8221; bottom_section_title=&#8221;&#8221;][vc_column][vc_row_inner kd_background_image_position=&#8221;vc_row-bg-position-top&#8221;][vc_column_inner]<header class=\"kd-section-title col-lg-12 text-center  subtitle-below-title kd-animated fadeIn   vc_custom_1669384810998\" data-animation-delay=200><h1 class=\"separator_off\" style=\"color: #ffffff;font-size: 52px;line-height: 68px;margin-bottom:30px;\">Intrusion dans les magasins<\/h1><h6 class=\"subtitle\" style=\"color: rgba(255,255,255,0.8);\">Syst\u00e8mes d'alarme contre les effractions, le vandalisme ou les incendies,<br \/>\nContr\u00f4le d'acc\u00e8s et technique d'\u00e9vacuation.<\/h6><\/header><div class=\"scroll-down-wrapper sd-align-center kd-animated fadeInUp  vc_custom_1606153287439\" data-animation-delay=200><a href=\"#first-section\" class=\"scroll-down-arrow btn-smooth-scroll\" style=\"background-color: #ffffff;\"><\/a><\/div>[\/vc_column_inner][\/vc_row_inner][\/vc_column][\/vc_row][vc_row kd_background_image_position=&#8221;vc_row-bg-position-top&#8221; css=&#8221;.vc_custom_1606153293701{margin-bottom: 0px !important;padding-top: 100px !important;}&#8221; el_id=&#8221;first-section&#8221;][vc_column css=&#8221;.vc_custom_1597839056189{padding-right: 0px !important;padding-left: 0px !important;}&#8221;]<header class=\"kd-section-title col-lg-12 text-center  subtitle-above-title kd-animated fadeIn  \" data-animation-delay=200><h6 class=\"subtitle\" style=\"color: #aeaeae;font-size:15px;\">UNE PROTECTION OPTIMALE DE VOTRE MOBILIER<\/h6><h2 class=\"separator_off\" >Pr\u00e9vention plut\u00f4t qu'indulgence<\/h2><\/header>[\/vc_column][\/vc_row][vc_row kd_background_image_position=&#8221;vc_row-bg-position-top&#8221; css=&#8221;.vc_custom_1606153293701{margin-bottom: 0px !important;padding-top: 100px !important;}&#8221;][vc_column width=&#8221;1\/2&#8243; css=&#8221;.vc_custom_1666616007965{padding-right: 50px !important;padding-left: 50px !important;}&#8221;][vc_single_image image=&#8221;10089&#8243; img_size=&#8221;400&#215;400&#8243; style=&#8221;vc_box_rounded&#8221; css_animation=&#8221;fadeIn&#8221;][\/vc_column][vc_column width=&#8221;1\/2&#8243;][vc_column_text]Selon les d\u00e9clarations de la police, dans 30% des cas, un syst\u00e8me d&#8217;alarme anti-intrusion est responsable du fait que l&#8217;on en reste \u00e0 une tentative d&#8217;effraction et que les cambrioleurs ne parviennent m\u00eame pas \u00e0 entrer dans le b\u00e2timent.<\/p>\n<p>Les co\u00fbts engendr\u00e9s en cas de vol, d&#8217;effraction ou de vandalisme peuvent parfois menacer l&#8217;existence d&#8217;une entreprise, de sorte que l&#8217;investissement dans un syst\u00e8me d&#8217;alarme anti-intrusion en vaut d\u00e9finitivement la peine.[\/vc_column_text][vc_column_text]<span style=\"color: #1e266d;\"><strong>NOS SERVICES<\/strong><\/span>[\/vc_column_text]<ul class=\"kd-icon-list kd-animated fadeIn\" data-animation-delay=400><li class=\"kd-icon-list-item\"><div class=\"kd-icon-wrapper icon-square\" ><i class=\"fas fa-check\" style=\"color: #ffffff;\"><\/i><\/div><span class=\"kd-list-text\" >plusieurs ann\u00e9es d&#8217;exp\u00e9rience dans la gestion de grands projets de d\u00e9ploiement, au niveau national et international<\/span><\/li><li class=\"kd-icon-list-item\"><div class=\"kd-icon-wrapper icon-square\" ><i class=\"fas fa-check\" style=\"color: #ffffff;\"><\/i><\/div><span class=\"kd-list-text\" >Fabricants connus et actifs au niveau international<\/span><\/li><li class=\"kd-icon-list-item\"><div class=\"kd-icon-wrapper icon-square\" ><i class=\"fas fa-check\" style=\"color: #ffffff;\"><\/i><\/div><span class=\"kd-list-text\" >Analyse de s\u00e9curit\u00e9, cr\u00e9ation de votre concept de s\u00e9curit\u00e9 (pilotage\/planification de projet)<\/span><\/li><li class=\"kd-icon-list-item\"><div class=\"kd-icon-wrapper icon-square\" ><i class=\"fas fa-check\" style=\"color: #ffffff;\"><\/i><\/div><span class=\"kd-list-text\" >Service de planification avant et pendant le d\u00e9ploiement (mise en \u0153uvre technique)<\/span><\/li><li class=\"kd-icon-list-item\"><div class=\"kd-icon-wrapper icon-square\" ><i class=\"fas fa-check\" style=\"color: #ffffff;\"><\/i><\/div><span class=\"kd-list-text\" >Gestion des produits pour un portefeuille constamment mis \u00e0 jour avec les composants les plus modernes<\/span><\/li><li class=\"kd-icon-list-item\"><div class=\"kd-icon-wrapper icon-square\" ><i class=\"fas fa-check\" style=\"color: #ffffff;\"><\/i><\/div><span class=\"kd-list-text\" >En tant que solution compl\u00e8te d&#8217;une source unique, nos syst\u00e8mes permettent une int\u00e9gration telle que le contr\u00f4le d&#8217;acc\u00e8s et la technologie des issues de secours<\/span><\/li><li class=\"kd-icon-list-item\"><div class=\"kd-icon-wrapper icon-square\" ><i class=\"fas fa-check\" style=\"color: #ffffff;\"><\/i><\/div><span class=\"kd-list-text\" >Connexion d&#8217;autres corps de m\u00e9tier (VMS, GMS, audio et bien plus)<\/span><\/li><li class=\"kd-icon-list-item\"><div class=\"kd-icon-wrapper icon-square\" ><i class=\"fas fa-check\" style=\"color: #ffffff;\"><\/i><\/div><span class=\"kd-list-text\" >Assistance technique pour des solutions personnalis\u00e9es<\/span><\/li><li class=\"kd-icon-list-item\"><div class=\"kd-icon-wrapper icon-square\" ><i class=\"fas fa-check\" style=\"color: #ffffff;\"><\/i><\/div><span class=\"kd-list-text\" >Formation des installateurs sur des solutions sp\u00e9cifiques au client<\/span><\/li><li class=\"kd-icon-list-item\"><div class=\"kd-icon-wrapper icon-square\" ><i class=\"fas fa-check\" style=\"color: #ffffff;\"><\/i><\/div><span class=\"kd-list-text\" >D\u00e9lais de livraison rapides (stockage de plusieurs succursales)<\/span><\/li><li class=\"kd-icon-list-item\"><div class=\"kd-icon-wrapper icon-square\" ><i class=\"fas fa-check\" style=\"color: #ffffff;\"><\/i><\/div><span class=\"kd-list-text\" >grand r\u00e9seau d&#8217;installateurs en Europe<\/span><\/li><\/ul>[vc_empty_space][\/vc_column][\/vc_row][vc_row kd_background_image_position=&#8221;vc_row-bg-position-top&#8221; css=&#8221;.vc_custom_1606153293701{margin-bottom: 0px !important;padding-top: 100px !important;}&#8221;][vc_column css=&#8221;.vc_custom_1666616007965{padding-right: 50px !important;padding-left: 50px !important;}&#8221;][vc_column_text]<\/p>\n<h4>Tout est s\u00e9curis\u00e9<\/h4>\n<p>En fonction de l&#8217;\u00e9tendue du syst\u00e8me d&#8217;alarme, d&#8217;autres dangers tels que l&#8217;eau, la fum\u00e9e, le gaz ou une panne technique peuvent d\u00e9clencher une alarme en plus des cambriolages ou du vandalisme. En ajoutant un contr\u00f4le d&#8217;acc\u00e8s au syst\u00e8me d&#8217;alarme anti-intrusion, vous pouvez \u00e9galement r\u00e9duire les pertes dues au personnel ou aux fournisseurs et offrir ainsi une protection optimale de vos biens.<\/p>\n<h4>\nSolution compl\u00e8te en r\u00e9seau d&#8217;un seul fournisseur<\/h4>\n<p>Les syst\u00e8mes d&#8217;alarme anti-intrusion actuels peuvent \u00eatre facilement reli\u00e9s \u00e0 d&#8217;autres syst\u00e8mes sur site, tels que les syst\u00e8mes de gestion vid\u00e9o, les syst\u00e8mes de d\u00e9tection des dangers ou les syst\u00e8mes audio. Il est \u00e9galement possible d&#8217;int\u00e9grer le contr\u00f4le d&#8217;acc\u00e8s ou la technique des issues de secours. Nous vous proposons volontiers une solution compl\u00e8te d&#8217;un seul tenant.<\/p>\n<p>Notre gestion des produits veille en permanence \u00e0 ce que nos composants soient toujours \u00e0 la pointe de la technologie. C&#8217;est pourquoi, dans le domaine des syst\u00e8mes d&#8217;alarme anti-intrusion, nous travaillons avec des fabricants renomm\u00e9s et actifs au niveau international.<\/p>\n<div class=\"fl-row fl-row-fixed-width fl-row-bg-none fl-node-5f03805cac0b9\" data-node=\"5f03805cac0b9\">\n<div class=\"fl-row-content-wrap\">\n<div class=\"fl-row-content fl-row-fixed-width fl-node-content\">\n<div class=\"fl-col-group fl-node-5f03805cac16b\" data-node=\"5f03805cac16b\">\n<div class=\"fl-col fl-node-5f03805cac1a2\" data-node=\"5f03805cac1a2\">\n<div class=\"fl-col-content fl-node-content\">\n<div class=\"fl-module fl-module-rich-text fl-node-5f03805cac1d7\" data-node=\"5f03805cac1d7\">\n<div class=\"fl-module-content fl-node-content\">\n<div class=\"fl-rich-text\">\n<p>En plus d&#8217;une disponibilit\u00e9 rapide et \u00e9lev\u00e9e, nous vous offrons \u00e9galement un support technique et personnel.<\/p>\n<\/div>\n<\/div>\n<\/div>\n<\/div>\n<\/div>\n<\/div>\n<\/div>\n<\/div>\n<\/div>\n<p>[\/vc_column_text][\/vc_column][\/vc_row][vc_row full_width=&#8221;stretch_row_content_no_spaces&#8221; kd_background_image_position=&#8221;vc_row-bg-position-top&#8221; css=&#8221;.vc_custom_1596729589098{padding-top: 0px !important;padding-bottom: 100px !important;}&#8221;][vc_column][\/vc_column][\/vc_row][vc_row kd_background_image_position=&#8221;vc_row-bg-position-top&#8221;][vc_column][vc_row_inner kd_background_image_position=&#8221;vc_row-bg-position-top&#8221; kd_background_overlay=&#8221;true&#8221; css=&#8221;.vc_custom_1667225457646{margin-bottom: 100px !important;padding-top: 40px !important;padding-bottom: 40px !important;padding-left: 30px !important;border-radius: 50px !important;}&#8221;][vc_column_inner width=&#8221;1\/4&#8243;][vc_single_image image=&#8221;9714&#8243; img_size=&#8221;185&#215;185&#8243; alignment=&#8221;center&#8221; style=&#8221;vc_box_circle&#8221; css=&#8221;.vc_custom_1667225388927{padding-top: 0px !important;}&#8221;][\/vc_column_inner][vc_column_inner width=&#8221;3\/4&#8243;]<header class=\"kd-section-title col-lg-12 text-left  subtitle-below-title   \" ><h2 class=\"separator_off\" >Des solutions adapt\u00e9es \u00e0 vos besoins<\/h2><\/header>[vc_column_text]Vous avez un projet concret ou vous souhaitez vous informer sur le th\u00e8me de l&#8217;intrusion dans les magasins ?<br \/>\nDans ce cas, n&#8217;h\u00e9sitez pas \u00e0 vous adresser \u00e0 notre interlocutrice <strong>Luise J\u00e4ger.<\/strong>[\/vc_column_text]<a  href=\"mailto:info@vi2vi-retail-solution.com\"  target=\"_self\"  title=\"\"  class=\"tt_button tt_primary_button btn_primary_color  btn-align-left button-action-link icon_right  kd-animated zoomIn\" data-animation-delay=200><span class=\"prim_text\">\u00c9crivez-moi<\/span><span class=\"fas fa-chevron-right iconita\" style=\"font-size:12px;\"><\/span><\/a>[\/vc_column_inner][\/vc_row_inner][\/vc_column][\/vc_row]<\/p>\n","protected":false},"excerpt":{"rendered":"<p>[vc_row full_width=&#8221;stretch_row&#8221; kd_background_image_position=&#8221;vc_row-bg-position-top&#8221; css=&#8221;.vc_custom_1719487656642{padding-top: 260px !important;padding-bottom: 260px !important;background-image: url(https:\/\/vi2vi-retail-solution.com\/wp-content\/uploads\/2022\/11\/header_einbruch-orange1920x800px.jpg?id=10086) !important;background-position: center !important;background-repeat: no-repeat !important;background-size: cover !important;}&#8221; el_class=&#8221;intro-section&#8221; css_mobile=&#8221;.vc_custom_1719487656643{padding-top: 100px !important;padding-bottom: [&hellip;]<\/p>\n","protected":false},"author":1,"featured_media":0,"parent":10946,"menu_order":0,"comment_status":"closed","ping_status":"closed","template":"","meta":{"footnotes":""},"class_list":["post-11017","page","type-page","status-publish","hentry"],"yoast_head":"<!-- This site is optimized with the Yoast SEO plugin v24.0 - https:\/\/yoast.com\/wordpress\/plugins\/seo\/ -->\n<title>Syst\u00e8me d&#039;alarme anti-intrusion - vi2vi Retail Solution<\/title>\n<meta name=\"robots\" content=\"index, follow, max-snippet:-1, max-image-preview:large, max-video-preview:-1\" \/>\n<link rel=\"canonical\" href=\"https:\/\/vi2vi-retail-solution.com\/fr\/solutions\/systeme-dalarme-anti-intrusion\/\" \/>\n<meta property=\"og:locale\" content=\"fr_FR\" \/>\n<meta property=\"og:type\" content=\"article\" \/>\n<meta property=\"og:title\" content=\"Syst\u00e8me d&#039;alarme anti-intrusion - vi2vi Retail Solution\" \/>\n<meta property=\"og:description\" content=\"[vc_row full_width=&#8221;stretch_row&#8221; kd_background_image_position=&#8221;vc_row-bg-position-top&#8221; css=&#8221;.vc_custom_1719487656642{padding-top: 260px !important;padding-bottom: 260px !important;background-image: url(https:\/\/vi2vi-retail-solution.com\/wp-content\/uploads\/2022\/11\/header_einbruch-orange1920x800px.jpg?id=10086) !important;background-position: center !important;background-repeat: no-repeat !important;background-size: cover !important;}&#8221; el_class=&#8221;intro-section&#8221; css_mobile=&#8221;.vc_custom_1719487656643{padding-top: 100px !important;padding-bottom: [&hellip;]\" \/>\n<meta property=\"og:url\" content=\"https:\/\/vi2vi-retail-solution.com\/fr\/solutions\/systeme-dalarme-anti-intrusion\/\" \/>\n<meta property=\"og:site_name\" content=\"vi2vi Retail Solution\" \/>\n<meta property=\"article:modified_time\" content=\"2024-06-27T11:27:39+00:00\" \/>\n<meta name=\"twitter:card\" content=\"summary_large_image\" \/>\n<meta name=\"twitter:label1\" content=\"Dur\u00e9e de lecture estim\u00e9e\" \/>\n\t<meta name=\"twitter:data1\" content=\"7 minutes\" \/>\n<script type=\"application\/ld+json\" class=\"yoast-schema-graph\">{\"@context\":\"https:\/\/schema.org\",\"@graph\":[{\"@type\":\"WebPage\",\"@id\":\"https:\/\/vi2vi-retail-solution.com\/fr\/solutions\/systeme-dalarme-anti-intrusion\/\",\"url\":\"https:\/\/vi2vi-retail-solution.com\/fr\/solutions\/systeme-dalarme-anti-intrusion\/\",\"name\":\"Syst\u00e8me d'alarme anti-intrusion - vi2vi Retail Solution\",\"isPartOf\":{\"@id\":\"https:\/\/vi2vi-retail-solution.com\/fr\/#website\"},\"datePublished\":\"2022-11-02T12:38:57+00:00\",\"dateModified\":\"2024-06-27T11:27:39+00:00\",\"breadcrumb\":{\"@id\":\"https:\/\/vi2vi-retail-solution.com\/fr\/solutions\/systeme-dalarme-anti-intrusion\/#breadcrumb\"},\"inLanguage\":\"fr-FR\",\"potentialAction\":[{\"@type\":\"ReadAction\",\"target\":[\"https:\/\/vi2vi-retail-solution.com\/fr\/solutions\/systeme-dalarme-anti-intrusion\/\"]}]},{\"@type\":\"BreadcrumbList\",\"@id\":\"https:\/\/vi2vi-retail-solution.com\/fr\/solutions\/systeme-dalarme-anti-intrusion\/#breadcrumb\",\"itemListElement\":[{\"@type\":\"ListItem\",\"position\":1,\"name\":\"Startseite\",\"item\":\"https:\/\/vi2vi-retail-solution.com\/fr\/\"},{\"@type\":\"ListItem\",\"position\":2,\"name\":\"Solutions\",\"item\":\"https:\/\/vi2vi-retail-solution.com\/fr\/loesungen\/\"},{\"@type\":\"ListItem\",\"position\":3,\"name\":\"Syst\u00e8me d&#8217;alarme anti-intrusion\"}]},{\"@type\":\"WebSite\",\"@id\":\"https:\/\/vi2vi-retail-solution.com\/fr\/#website\",\"url\":\"https:\/\/vi2vi-retail-solution.com\/fr\/\",\"name\":\"vi2vi Retail Solution\",\"description\":\"IP-Video for Retail\",\"potentialAction\":[{\"@type\":\"SearchAction\",\"target\":{\"@type\":\"EntryPoint\",\"urlTemplate\":\"https:\/\/vi2vi-retail-solution.com\/fr\/?s={search_term_string}\"},\"query-input\":{\"@type\":\"PropertyValueSpecification\",\"valueRequired\":true,\"valueName\":\"search_term_string\"}}],\"inLanguage\":\"fr-FR\"}]}<\/script>\n<!-- \/ Yoast SEO plugin. -->","yoast_head_json":{"title":"Syst\u00e8me d'alarme anti-intrusion - vi2vi Retail Solution","robots":{"index":"index","follow":"follow","max-snippet":"max-snippet:-1","max-image-preview":"max-image-preview:large","max-video-preview":"max-video-preview:-1"},"canonical":"https:\/\/vi2vi-retail-solution.com\/fr\/solutions\/systeme-dalarme-anti-intrusion\/","og_locale":"fr_FR","og_type":"article","og_title":"Syst\u00e8me d'alarme anti-intrusion - vi2vi Retail Solution","og_description":"[vc_row full_width=&#8221;stretch_row&#8221; kd_background_image_position=&#8221;vc_row-bg-position-top&#8221; css=&#8221;.vc_custom_1719487656642{padding-top: 260px !important;padding-bottom: 260px !important;background-image: url(https:\/\/vi2vi-retail-solution.com\/wp-content\/uploads\/2022\/11\/header_einbruch-orange1920x800px.jpg?id=10086) !important;background-position: center !important;background-repeat: no-repeat !important;background-size: cover !important;}&#8221; el_class=&#8221;intro-section&#8221; css_mobile=&#8221;.vc_custom_1719487656643{padding-top: 100px !important;padding-bottom: [&hellip;]","og_url":"https:\/\/vi2vi-retail-solution.com\/fr\/solutions\/systeme-dalarme-anti-intrusion\/","og_site_name":"vi2vi Retail Solution","article_modified_time":"2024-06-27T11:27:39+00:00","twitter_card":"summary_large_image","twitter_misc":{"Dur\u00e9e de lecture estim\u00e9e":"7 minutes"},"schema":{"@context":"https:\/\/schema.org","@graph":[{"@type":"WebPage","@id":"https:\/\/vi2vi-retail-solution.com\/fr\/solutions\/systeme-dalarme-anti-intrusion\/","url":"https:\/\/vi2vi-retail-solution.com\/fr\/solutions\/systeme-dalarme-anti-intrusion\/","name":"Syst\u00e8me d'alarme anti-intrusion - vi2vi Retail Solution","isPartOf":{"@id":"https:\/\/vi2vi-retail-solution.com\/fr\/#website"},"datePublished":"2022-11-02T12:38:57+00:00","dateModified":"2024-06-27T11:27:39+00:00","breadcrumb":{"@id":"https:\/\/vi2vi-retail-solution.com\/fr\/solutions\/systeme-dalarme-anti-intrusion\/#breadcrumb"},"inLanguage":"fr-FR","potentialAction":[{"@type":"ReadAction","target":["https:\/\/vi2vi-retail-solution.com\/fr\/solutions\/systeme-dalarme-anti-intrusion\/"]}]},{"@type":"BreadcrumbList","@id":"https:\/\/vi2vi-retail-solution.com\/fr\/solutions\/systeme-dalarme-anti-intrusion\/#breadcrumb","itemListElement":[{"@type":"ListItem","position":1,"name":"Startseite","item":"https:\/\/vi2vi-retail-solution.com\/fr\/"},{"@type":"ListItem","position":2,"name":"Solutions","item":"https:\/\/vi2vi-retail-solution.com\/fr\/loesungen\/"},{"@type":"ListItem","position":3,"name":"Syst\u00e8me d&#8217;alarme anti-intrusion"}]},{"@type":"WebSite","@id":"https:\/\/vi2vi-retail-solution.com\/fr\/#website","url":"https:\/\/vi2vi-retail-solution.com\/fr\/","name":"vi2vi Retail Solution","description":"IP-Video for Retail","potentialAction":[{"@type":"SearchAction","target":{"@type":"EntryPoint","urlTemplate":"https:\/\/vi2vi-retail-solution.com\/fr\/?s={search_term_string}"},"query-input":{"@type":"PropertyValueSpecification","valueRequired":true,"valueName":"search_term_string"}}],"inLanguage":"fr-FR"}]}},"_links":{"self":[{"href":"https:\/\/vi2vi-retail-solution.com\/fr\/wp-json\/wp\/v2\/pages\/11017","targetHints":{"allow":["GET"]}}],"collection":[{"href":"https:\/\/vi2vi-retail-solution.com\/fr\/wp-json\/wp\/v2\/pages"}],"about":[{"href":"https:\/\/vi2vi-retail-solution.com\/fr\/wp-json\/wp\/v2\/types\/page"}],"author":[{"embeddable":true,"href":"https:\/\/vi2vi-retail-solution.com\/fr\/wp-json\/wp\/v2\/users\/1"}],"replies":[{"embeddable":true,"href":"https:\/\/vi2vi-retail-solution.com\/fr\/wp-json\/wp\/v2\/comments?post=11017"}],"version-history":[{"count":6,"href":"https:\/\/vi2vi-retail-solution.com\/fr\/wp-json\/wp\/v2\/pages\/11017\/revisions"}],"predecessor-version":[{"id":12189,"href":"https:\/\/vi2vi-retail-solution.com\/fr\/wp-json\/wp\/v2\/pages\/11017\/revisions\/12189"}],"up":[{"embeddable":true,"href":"https:\/\/vi2vi-retail-solution.com\/fr\/wp-json\/wp\/v2\/pages\/10946"}],"wp:attachment":[{"href":"https:\/\/vi2vi-retail-solution.com\/fr\/wp-json\/wp\/v2\/media?parent=11017"}],"curies":[{"name":"wp","href":"https:\/\/api.w.org\/{rel}","templated":true}]}}