{"id":10999,"date":"2022-11-04T16:50:20","date_gmt":"2022-11-04T15:50:20","guid":{"rendered":"https:\/\/webtest.vi2vi-retail-solution.com\/mentions-legales\/"},"modified":"2022-11-15T15:36:57","modified_gmt":"2022-11-15T14:36:57","slug":"mentions-legales","status":"publish","type":"page","link":"https:\/\/vi2vi-retail-solution.com\/fr\/mentions-legales\/","title":{"rendered":"Mentions l\u00e9gales"},"content":{"rendered":"<p>[vc_row kd_background_image_position=&#8221;vc_row-bg-position-top&#8221;][vc_column][vc_empty_space height=&#8221;50px&#8221;][vc_column_text]vi2vi Retail Solution GmbH<br \/>\n22, rue Siemens<br \/>\n76275 Ettlingen<br \/>\n<strong><br \/>\nRepr\u00e9sent\u00e9 par le g\u00e9rant :<\/strong><\/p>\n<p>Mathias Bechler<\/p>\n<p><strong><br \/>\nContact :<\/strong><\/p>\n<p>T\u00e9l\u00e9phone : +49 7243 76999 100<br \/>\nT\u00e9l\u00e9copieur : +49 7243 76999 298<br \/>\nCourrier \u00e9lectronique : info@vi2vi-retail-solution.com<\/p>\n<p><strong><br \/>\nInscription au registre :<\/strong><br \/>\nInscription au registre du commerce.<br \/>\nTribunal d&#8217;enregistrement : Tribunal d&#8217;instance de Mannheim<br \/>\nNum\u00e9ro d&#8217;enregistrement : HRB 722509<br \/>\n<strong><br \/>\nNum\u00e9ro de TVA intracommunautaire :<\/strong><br \/>\nNum\u00e9ro d&#8217;identification de la taxe sur le chiffre d&#8217;affaires conform\u00e9ment au \u00a727 a de la loi sur la taxe sur le chiffre d&#8217;affaires :<br \/>\nDE301159860<\/p>\n<h2><\/h2>\n<h2>Clause de non-responsabilit\u00e9<\/h2>\n<p>En tant que prestataire de services, nous sommes tenus, conform\u00e9ment au \u00a7 7 al.1 TMG pour ses propres contenus sur ces pages selon les lois g\u00e9n\u00e9rales. Selon les \u00a7\u00a7 8 \u00e0 10 de la loi allemande sur les m\u00e9dias \u00e9lectroniques (TMG), nous ne sommes toutefois pas tenus, en tant que prestataire de services, de surveiller les informations externes transmises ou enregistr\u00e9es ou de rechercher des circonstances indiquant une activit\u00e9 ill\u00e9gale. Les obligations de supprimer ou de bloquer l&#8217;utilisation d&#8217;informations conform\u00e9ment aux lois g\u00e9n\u00e9rales restent inchang\u00e9es. Une responsabilit\u00e9 \u00e0 cet \u00e9gard n&#8217;est toutefois possible qu&#8217;\u00e0 partir du moment o\u00f9 une violation concr\u00e8te de la loi est connue. D\u00e8s que nous aurons connaissance de telles violations, nous retirerons imm\u00e9diatement ces contenus.<\/p>\n<p>Notre offre contient des liens vers des sites web externes de tiers, sur le contenu desquels nous n&#8217;avons aucune influence. C&#8217;est pourquoi nous ne pouvons pas non plus nous porter garants de ces contenus \u00e9trangers. Le fournisseur ou l&#8217;exploitant des pages li\u00e9es est toujours responsable du contenu de ces pages. Les pages li\u00e9es ont \u00e9t\u00e9 v\u00e9rifi\u00e9es au moment de la cr\u00e9ation du lien afin de s&#8217;assurer qu&#8217;elles n&#8217;enfreignaient pas la loi. Aucun contenu ill\u00e9gal n&#8217;a \u00e9t\u00e9 identifi\u00e9 au moment de la cr\u00e9ation des liens. Un contr\u00f4le permanent du contenu des pages li\u00e9es n&#8217;est toutefois pas exigible sans indices concrets d&#8217;une violation de la loi. D\u00e8s que nous aurons connaissance de violations de la loi, nous supprimerons imm\u00e9diatement de tels liens.<\/p>\n<p>Les contenus et \u0153uvres cr\u00e9\u00e9s par les exploitants de ces pages sont soumis au droit d&#8217;auteur allemand. La reproduction, le traitement, la diffusion et toute forme d&#8217;exploitation en dehors des limites du droit d&#8217;auteur requi\u00e8rent l&#8217;accord \u00e9crit de l&#8217;auteur ou du cr\u00e9ateur concern\u00e9. Les t\u00e9l\u00e9chargements et les copies de cette page ne sont autoris\u00e9s que pour un usage priv\u00e9 et non commercial. Dans la mesure o\u00f9 les contenus de ce site n&#8217;ont pas \u00e9t\u00e9 cr\u00e9\u00e9s par l&#8217;exploitant, les droits d&#8217;auteur de tiers sont respect\u00e9s. En particulier, les contenus de tiers sont identifi\u00e9s comme tels. Si vous deviez n\u00e9anmoins constater une violation des droits d&#8217;auteur, nous vous prions de nous en informer. D\u00e8s que nous aurons connaissance d&#8217;une violation de la loi, nous supprimerons imm\u00e9diatement de tels contenus.[\/vc_column_text][\/vc_column][\/vc_row][vc_row kd_background_image_position=&#8221;vc_row-bg-position-top&#8221;][vc_column][\/vc_column][\/vc_row]<\/p>\n","protected":false},"excerpt":{"rendered":"<p>[vc_row kd_background_image_position=&#8221;vc_row-bg-position-top&#8221;][vc_column][vc_empty_space height=&#8221;50px&#8221;][vc_column_text]vi2vi Retail Solution GmbH 22, rue Siemens 76275 Ettlingen Repr\u00e9sent\u00e9 par le g\u00e9rant : Mathias Bechler Contact : [&hellip;]<\/p>\n","protected":false},"author":1,"featured_media":0,"parent":0,"menu_order":0,"comment_status":"closed","ping_status":"closed","template":"","meta":{"footnotes":""},"class_list":["post-10999","page","type-page","status-publish","hentry"],"yoast_head":"<!-- This site is optimized with the Yoast SEO plugin v24.0 - https:\/\/yoast.com\/wordpress\/plugins\/seo\/ -->\n<title>Mentions l\u00e9gales - vi2vi Retail Solution<\/title>\n<meta name=\"robots\" content=\"index, follow, max-snippet:-1, max-image-preview:large, max-video-preview:-1\" \/>\n<link rel=\"canonical\" href=\"https:\/\/vi2vi-retail-solution.com\/fr\/mentions-legales\/\" \/>\n<meta property=\"og:locale\" content=\"fr_FR\" \/>\n<meta property=\"og:type\" content=\"article\" \/>\n<meta property=\"og:title\" content=\"Mentions l\u00e9gales - vi2vi Retail Solution\" \/>\n<meta property=\"og:description\" content=\"[vc_row kd_background_image_position=&#8221;vc_row-bg-position-top&#8221;][vc_column][vc_empty_space height=&#8221;50px&#8221;][vc_column_text]vi2vi Retail Solution GmbH 22, rue Siemens 76275 Ettlingen Repr\u00e9sent\u00e9 par le g\u00e9rant : Mathias Bechler Contact : [&hellip;]\" \/>\n<meta property=\"og:url\" content=\"https:\/\/vi2vi-retail-solution.com\/fr\/mentions-legales\/\" \/>\n<meta property=\"og:site_name\" content=\"vi2vi Retail Solution\" \/>\n<meta property=\"article:modified_time\" content=\"2022-11-15T14:36:57+00:00\" \/>\n<meta name=\"twitter:card\" content=\"summary_large_image\" \/>\n<meta name=\"twitter:label1\" content=\"Dur\u00e9e de lecture estim\u00e9e\" \/>\n\t<meta name=\"twitter:data1\" content=\"3 minutes\" \/>\n<script type=\"application\/ld+json\" class=\"yoast-schema-graph\">{\"@context\":\"https:\/\/schema.org\",\"@graph\":[{\"@type\":\"WebPage\",\"@id\":\"https:\/\/vi2vi-retail-solution.com\/fr\/mentions-legales\/\",\"url\":\"https:\/\/vi2vi-retail-solution.com\/fr\/mentions-legales\/\",\"name\":\"Mentions l\u00e9gales - vi2vi Retail Solution\",\"isPartOf\":{\"@id\":\"https:\/\/vi2vi-retail-solution.com\/fr\/#website\"},\"datePublished\":\"2022-11-04T15:50:20+00:00\",\"dateModified\":\"2022-11-15T14:36:57+00:00\",\"breadcrumb\":{\"@id\":\"https:\/\/vi2vi-retail-solution.com\/fr\/mentions-legales\/#breadcrumb\"},\"inLanguage\":\"fr-FR\",\"potentialAction\":[{\"@type\":\"ReadAction\",\"target\":[\"https:\/\/vi2vi-retail-solution.com\/fr\/mentions-legales\/\"]}]},{\"@type\":\"BreadcrumbList\",\"@id\":\"https:\/\/vi2vi-retail-solution.com\/fr\/mentions-legales\/#breadcrumb\",\"itemListElement\":[{\"@type\":\"ListItem\",\"position\":1,\"name\":\"Startseite\",\"item\":\"https:\/\/vi2vi-retail-solution.com\/fr\/\"},{\"@type\":\"ListItem\",\"position\":2,\"name\":\"Mentions l\u00e9gales\"}]},{\"@type\":\"WebSite\",\"@id\":\"https:\/\/vi2vi-retail-solution.com\/fr\/#website\",\"url\":\"https:\/\/vi2vi-retail-solution.com\/fr\/\",\"name\":\"vi2vi Retail Solution\",\"description\":\"IP-Video for Retail\",\"potentialAction\":[{\"@type\":\"SearchAction\",\"target\":{\"@type\":\"EntryPoint\",\"urlTemplate\":\"https:\/\/vi2vi-retail-solution.com\/fr\/?s={search_term_string}\"},\"query-input\":{\"@type\":\"PropertyValueSpecification\",\"valueRequired\":true,\"valueName\":\"search_term_string\"}}],\"inLanguage\":\"fr-FR\"}]}<\/script>\n<!-- \/ Yoast SEO plugin. -->","yoast_head_json":{"title":"Mentions l\u00e9gales - vi2vi Retail Solution","robots":{"index":"index","follow":"follow","max-snippet":"max-snippet:-1","max-image-preview":"max-image-preview:large","max-video-preview":"max-video-preview:-1"},"canonical":"https:\/\/vi2vi-retail-solution.com\/fr\/mentions-legales\/","og_locale":"fr_FR","og_type":"article","og_title":"Mentions l\u00e9gales - vi2vi Retail Solution","og_description":"[vc_row kd_background_image_position=&#8221;vc_row-bg-position-top&#8221;][vc_column][vc_empty_space height=&#8221;50px&#8221;][vc_column_text]vi2vi Retail Solution GmbH 22, rue Siemens 76275 Ettlingen Repr\u00e9sent\u00e9 par le g\u00e9rant : Mathias Bechler Contact : [&hellip;]","og_url":"https:\/\/vi2vi-retail-solution.com\/fr\/mentions-legales\/","og_site_name":"vi2vi Retail Solution","article_modified_time":"2022-11-15T14:36:57+00:00","twitter_card":"summary_large_image","twitter_misc":{"Dur\u00e9e de lecture estim\u00e9e":"3 minutes"},"schema":{"@context":"https:\/\/schema.org","@graph":[{"@type":"WebPage","@id":"https:\/\/vi2vi-retail-solution.com\/fr\/mentions-legales\/","url":"https:\/\/vi2vi-retail-solution.com\/fr\/mentions-legales\/","name":"Mentions l\u00e9gales - vi2vi Retail Solution","isPartOf":{"@id":"https:\/\/vi2vi-retail-solution.com\/fr\/#website"},"datePublished":"2022-11-04T15:50:20+00:00","dateModified":"2022-11-15T14:36:57+00:00","breadcrumb":{"@id":"https:\/\/vi2vi-retail-solution.com\/fr\/mentions-legales\/#breadcrumb"},"inLanguage":"fr-FR","potentialAction":[{"@type":"ReadAction","target":["https:\/\/vi2vi-retail-solution.com\/fr\/mentions-legales\/"]}]},{"@type":"BreadcrumbList","@id":"https:\/\/vi2vi-retail-solution.com\/fr\/mentions-legales\/#breadcrumb","itemListElement":[{"@type":"ListItem","position":1,"name":"Startseite","item":"https:\/\/vi2vi-retail-solution.com\/fr\/"},{"@type":"ListItem","position":2,"name":"Mentions l\u00e9gales"}]},{"@type":"WebSite","@id":"https:\/\/vi2vi-retail-solution.com\/fr\/#website","url":"https:\/\/vi2vi-retail-solution.com\/fr\/","name":"vi2vi Retail Solution","description":"IP-Video for Retail","potentialAction":[{"@type":"SearchAction","target":{"@type":"EntryPoint","urlTemplate":"https:\/\/vi2vi-retail-solution.com\/fr\/?s={search_term_string}"},"query-input":{"@type":"PropertyValueSpecification","valueRequired":true,"valueName":"search_term_string"}}],"inLanguage":"fr-FR"}]}},"_links":{"self":[{"href":"https:\/\/vi2vi-retail-solution.com\/fr\/wp-json\/wp\/v2\/pages\/10999","targetHints":{"allow":["GET"]}}],"collection":[{"href":"https:\/\/vi2vi-retail-solution.com\/fr\/wp-json\/wp\/v2\/pages"}],"about":[{"href":"https:\/\/vi2vi-retail-solution.com\/fr\/wp-json\/wp\/v2\/types\/page"}],"author":[{"embeddable":true,"href":"https:\/\/vi2vi-retail-solution.com\/fr\/wp-json\/wp\/v2\/users\/1"}],"replies":[{"embeddable":true,"href":"https:\/\/vi2vi-retail-solution.com\/fr\/wp-json\/wp\/v2\/comments?post=10999"}],"version-history":[{"count":1,"href":"https:\/\/vi2vi-retail-solution.com\/fr\/wp-json\/wp\/v2\/pages\/10999\/revisions"}],"predecessor-version":[{"id":11012,"href":"https:\/\/vi2vi-retail-solution.com\/fr\/wp-json\/wp\/v2\/pages\/10999\/revisions\/11012"}],"wp:attachment":[{"href":"https:\/\/vi2vi-retail-solution.com\/fr\/wp-json\/wp\/v2\/media?parent=10999"}],"curies":[{"name":"wp","href":"https:\/\/api.w.org\/{rel}","templated":true}]}}