{"id":10983,"date":"2022-10-31T15:23:25","date_gmt":"2022-10-31T14:23:25","guid":{"rendered":"https:\/\/webtest.vi2vi-retail-solution.com\/analyse-de-la-vente-au-detail\/"},"modified":"2024-06-27T13:26:26","modified_gmt":"2024-06-27T11:26:26","slug":"analyse-de-la-vente-au-detail","status":"publish","type":"page","link":"https:\/\/vi2vi-retail-solution.com\/fr\/solutions\/analyse-de-la-vente-au-detail\/","title":{"rendered":"Analyse de la vente au d\u00e9tail"},"content":{"rendered":"<p>[vc_row full_width=&#8221;stretch_row&#8221; kd_background_image_position=&#8221;vc_row-bg-position-top&#8221; css=&#8221;.vc_custom_1719487581942{padding-top: 260px !important;padding-bottom: 260px !important;background-image: url(https:\/\/vi2vi-retail-solution.com\/wp-content\/uploads\/2022\/11\/header_analyse-orange1920x800px.jpg?id=10077) !important;background-position: center !important;background-repeat: no-repeat !important;background-size: cover !important;}&#8221; el_class=&#8221;intro-section&#8221; css_mobile=&#8221;.vc_custom_1719487581943{padding-top: 100px !important;padding-bottom: 150px !important;}&#8221; css_tablet_portrait=&#8221;.vc_custom_1719487581943{padding-top: 200px !important;padding-bottom: 250px !important;}&#8221; top_section_title=&#8221;&#8221; bottom_section_title=&#8221;&#8221;][vc_column][vc_row_inner kd_background_image_position=&#8221;vc_row-bg-position-top&#8221;][vc_column_inner]<header class=\"kd-section-title col-lg-12 text-center  subtitle-below-title kd-animated fadeIn   vc_custom_1669384260379\" data-animation-delay=200><h1 class=\"separator_off\" style=\"color: #ffffff;font-size: 52px;line-height: 68px;margin-bottom:30px;\">Analyse de la vente au d\u00e9tail<\/h1><h6 class=\"subtitle\" style=\"color: rgba(255,255,255,0.8);\">Faire d\u00e9coller le chiffre d'affaires - \u00e0 l'aide de simples cam\u00e9ras IP<br \/>\net d'une analyse correcte.<\/h6><\/header><div class=\"scroll-down-wrapper sd-align-center kd-animated fadeInUp  vc_custom_1606153287439\" data-animation-delay=200><a href=\"#first-section\" class=\"scroll-down-arrow btn-smooth-scroll\" style=\"background-color: #ffffff;\"><\/a><\/div>[\/vc_column_inner][\/vc_row_inner][\/vc_column][\/vc_row][vc_row kd_background_image_position=&#8221;vc_row-bg-position-top&#8221; css=&#8221;.vc_custom_1606153293701{margin-bottom: 0px !important;padding-top: 100px !important;}&#8221; el_id=&#8221;first-section&#8221;][vc_column css=&#8221;.vc_custom_1597839056189{padding-right: 0px !important;padding-left: 0px !important;}&#8221;]<header class=\"kd-section-title col-lg-12 text-center  subtitle-above-title kd-animated fadeIn  \" data-animation-delay=200><h6 class=\"subtitle\" style=\"color: #aeaeae;font-size:15px;\">PLUS QUE DES CAM\u00c9RAS DE SURVEILLANCE<\/h6><h2 class=\"separator_off\" >Un outil intelligent pour le parcours du client<\/h2><\/header>[\/vc_column][\/vc_row][vc_row kd_background_image_position=&#8221;vc_row-bg-position-top&#8221; css=&#8221;.vc_custom_1606153293701{margin-bottom: 0px !important;padding-top: 100px !important;}&#8221;][vc_column width=&#8221;1\/2&#8243; css=&#8221;.vc_custom_1666616007965{padding-right: 50px !important;padding-left: 50px !important;}&#8221;][vc_single_image image=&#8221;10079&#8243; img_size=&#8221;400&#215;400&#8243; style=&#8221;vc_box_rounded&#8221; css_animation=&#8221;fadeIn&#8221;][\/vc_column][vc_column width=&#8221;1\/2&#8243;][vc_column_text]\u00c0 l&#8217;heure actuelle, il est difficile d&#8217;imaginer le commerce de d\u00e9tail sans syst\u00e8mes vid\u00e9o modernes. Alors qu&#8217;auparavant, il fallait investir beaucoup de temps pour rechercher des images, il est aujourd&#8217;hui possible de le faire efficacement gr\u00e2ce \u00e0 des syst\u00e8mes de gestion vid\u00e9o intelligents bas\u00e9s sur IP.[\/vc_column_text][vc_column_text]<span style=\"color: #1e266d;\"><strong>LES POSSIBILIT\u00c9S OFFERTES PAR LES ANALYSES DE D\u00c9TAIL  <\/strong><\/span>[\/vc_column_text]<ul class=\"kd-icon-list kd-animated fadeIn\" data-animation-delay=400><li class=\"kd-icon-list-item\"><div class=\"kd-icon-wrapper icon-square\" ><i class=\"fas fa-check\" style=\"color: #ffffff;\"><\/i><\/div><span class=\"kd-list-text\" >Reconnaissance des pr\u00e9sentoirs d&#8217;une marque<\/span><\/li><li class=\"kd-icon-list-item\"><div class=\"kd-icon-wrapper icon-square\" ><i class=\"fas fa-check\" style=\"color: #ffffff;\"><\/i><\/div><span class=\"kd-list-text\" >Planogrammes correspondants<\/span><\/li><li class=\"kd-icon-list-item\"><div class=\"kd-icon-wrapper icon-square\" ><i class=\"fas fa-check\" style=\"color: #ffffff;\"><\/i><\/div><span class=\"kd-list-text\" >Aide \u00e0 la gestion des rayons<\/span><\/li><li class=\"kd-icon-list-item\"><div class=\"kd-icon-wrapper icon-square\" ><i class=\"fas fa-check\" style=\"color: #ffffff;\"><\/i><\/div><span class=\"kd-list-text\" >Optimisation et automatisation de l&#8217;achat de marchandises<\/span><\/li><li class=\"kd-icon-list-item\"><div class=\"kd-icon-wrapper icon-square\" ><i class=\"fas fa-check\" style=\"color: #ffffff;\"><\/i><\/div><span class=\"kd-list-text\" >Configuration de zones pour le contr\u00f4le automatique de la lumi\u00e8re ou la diffusion de publicit\u00e9s<\/span><\/li><li class=\"kd-icon-list-item\"><div class=\"kd-icon-wrapper icon-square\" ><i class=\"fas fa-check\" style=\"color: #ffffff;\"><\/i><\/div><span class=\"kd-list-text\" >Comptage des personnes dans la zone d&#8217;entr\u00e9e<\/span><\/li><li class=\"kd-icon-list-item\"><div class=\"kd-icon-wrapper icon-square\" ><i class=\"fas fa-check\" style=\"color: #ffffff;\"><\/i><\/div><span class=\"kd-list-text\" >Analyse du parcours ou dur\u00e9e de s\u00e9jour des clients<\/span><\/li><li class=\"kd-icon-list-item\"><div class=\"kd-icon-wrapper icon-square\" ><i class=\"fas fa-check\" style=\"color: #ffffff;\"><\/i><\/div><span class=\"kd-list-text\" >Surveillance du temps de stationnement dans le parking<\/span><\/li><\/ul>[vc_empty_space][\/vc_column][\/vc_row][vc_row kd_background_image_position=&#8221;vc_row-bg-position-top&#8221; css=&#8221;.vc_custom_1606153293701{margin-bottom: 0px !important;padding-top: 100px !important;}&#8221;][vc_column css=&#8221;.vc_custom_1666616007965{padding-right: 50px !important;padding-left: 50px !important;}&#8221;][vc_column_text]<\/p>\n<h4>Acc\u00e8s rapide aux donn\u00e9es d&#8217;images<\/h4>\n<p>La combinaison des donn\u00e9es vid\u00e9o et des donn\u00e9es du point de vente permet une recherche encore meilleure et plus rapide : apr\u00e8s un vol ou une fraude, les images n\u00e9cessaires sont trouv\u00e9es en un clin d&#8217;\u0153il et peuvent \u00eatre export\u00e9es en quelques clics. Les contenus d&#8217;images non pertinents peuvent \u00eatre rendus m\u00e9connaissables, dans l&#8217;esprit de la protection des donn\u00e9es.<\/p>\n<p>&nbsp;<\/p>\n<h4>Optimisation et analyse des processus d&#8217;achat<\/h4>\n<p>Il existe aujourd&#8217;hui de nombreuses possibilit\u00e9s d&#8217;analyse, en particulier dans le domaine de la gestion des rayons. Outre la comparaison de planogrammes, il est \u00e9galement possible de d\u00e9tecter des activit\u00e9s de marketing comme l&#8217;affichage d&#8217;une marque. En outre, la connexion au syst\u00e8me de communication interne par le biais de la gestion des rayons permet de soutenir et de soulager le personnel : si des produits sont vides, une annonce directe est diffus\u00e9e dans le casque du personnel de vente. Ainsi, le personnel n&#8217;a plus \u00e0 v\u00e9rifier constamment les niveaux de remplissage et d&#8217;autres t\u00e2ches peuvent \u00eatre effectu\u00e9es plus efficacement. Si l&#8217;on int\u00e8gre les donn\u00e9es dans le syst\u00e8me de gestion des marchandises, il est \u00e9galement possible d&#8217;optimiser et d&#8217;automatiser les processus d&#8217;achat.<\/p>\n<p>&nbsp;<\/p>\n<h4>Paquet complet pour la cr\u00e9ation d&#8217;analyses individuelles<\/h4>\n<p>Dans le secteur non alimentaire, il existe de nombreuses mesures qui favorisent la vente : d&#8217;une part, cela passe par des cam\u00e9ras intelligentes. Il est possible de d\u00e9finir des zones sur la surface du magasin dans lesquelles, d\u00e8s qu&#8217;un client y p\u00e9n\u00e8tre, la lumi\u00e8re est renforc\u00e9e ou des annonces publicitaires sont diffus\u00e9es sur un \u00e9cran. En combinaison avec une analyse du groupe cible, il est en outre possible de diffuser de la musique ou de la publicit\u00e9 adapt\u00e9e au client et d&#8217;influencer ainsi positivement le comportement d&#8217;achat du client.<\/p>\n<p>Gr\u00e2ce \u00e0 un comptage des personnes dans la zone d&#8217;entr\u00e9e, vous obtenez un aper\u00e7u du taux de conversion et pouvez ainsi planifier de mani\u00e8re optimale l&#8217;affectation du personnel. Les chemins emprunt\u00e9s par les clients et le temps qu&#8217;ils passent \u00e0 certains endroits du magasin vous indiquent en outre si des actions de vente cibl\u00e9es ou des r\u00e9am\u00e9nagements de magasins ont eu l&#8217;effet escompt\u00e9.<\/p>\n<p>Les possibilit\u00e9s d&#8217;analyse d\u00e9velopp\u00e9es par nos partenaires font d&#8217;une simple cam\u00e9ra IP un outil intelligent pour votre parcours client. En combinaison avec d&#8217;autres produits IoT de diff\u00e9rents fabricants, vous obtenez un paquet complet pour cr\u00e9er votre analyse individuelle.[\/vc_column_text][\/vc_column][\/vc_row][vc_row kd_background_image_position=&#8221;vc_row-bg-position-top&#8221; css=&#8221;.vc_custom_1606153293701{margin-bottom: 0px !important;padding-top: 100px !important;}&#8221;][vc_column width=&#8221;1\/2&#8243; css=&#8221;.vc_custom_1666616007965{padding-right: 50px !important;padding-left: 50px !important;}&#8221;][vc_row_inner kd_background_image_position=&#8221;vc_row-bg-position-top&#8221;][vc_column_inner css=&#8221;.vc_custom_1599047984322{padding-right: 0px !important;padding-left: 0px !important;}&#8221; css_tablet_portrait=&#8221;.vc_custom_1599047984324{padding-right: 10px !important;}&#8221;]<div class=\"key-icon-box icon-default icon-top cont-left ib-no-effect     icon-no-background icon-no-border kd-animated fadeInUp\" style=\"background-color: transparent;\" data-animation-delay=200><div class=\"ib-simple-icon-wrapper\" style=\"margin-bottom:25px;\"><i class=\"iconsmind-Spy iconsmind-People\" style=\"font-weight: 400;\"><\/i> <\/div><h5 class=\"service-heading\" >Vol et protection<\/h5><\/div><ul class=\"kd-icon-list kd-animated fadeIn\" data-animation-delay=200><li class=\"kd-icon-list-item\"><div class=\"kd-icon-wrapper icon-square\" ><i class=\"fas fa-check\" style=\"color: #ffffff;\"><\/i><\/div><span class=\"kd-list-text\" >Vid\u00e9osurveillance aux &#8220;points chauds&#8221; du magasin<\/span><\/li><li class=\"kd-icon-list-item\"><div class=\"kd-icon-wrapper icon-square\" ><i class=\"fas fa-check\" style=\"color: #ffffff;\"><\/i><\/div><span class=\"kd-list-text\" >Alertes en temps r\u00e9el lorsque des produits sont vol\u00e9s en rayon &#8211; suivi jusqu&#8217;\u00e0 la caisse<\/span><\/li><li class=\"kd-icon-list-item\"><div class=\"kd-icon-wrapper icon-square\" ><i class=\"fas fa-check\" style=\"color: #ffffff;\"><\/i><\/div><span class=\"kd-list-text\" >Errant devant les \u00e9tag\u00e8res<\/span><\/li><li class=\"kd-icon-list-item\"><div class=\"kd-icon-wrapper icon-square\" ><i class=\"fas fa-check\" style=\"color: #ffffff;\"><\/i><\/div><span class=\"kd-list-text\" >jusqu&#8217;\u00e0 la manipulation<\/span><\/li><li class=\"kd-icon-list-item\"><div class=\"kd-icon-wrapper icon-square\" ><i class=\"fas fa-check\" style=\"color: #ffffff;\"><\/i><\/div><span class=\"kd-list-text\" >Contr\u00f4le de &#8220;Sweethearting&#8221;<\/span><\/li><\/ul>[\/vc_column_inner][\/vc_row_inner][\/vc_column][vc_column width=&#8221;1\/2&#8243;][vc_row_inner kd_background_image_position=&#8221;vc_row-bg-position-top&#8221;][vc_column_inner css=&#8221;.vc_custom_1599047984322{padding-right: 0px !important;padding-left: 0px !important;}&#8221; css_tablet_portrait=&#8221;.vc_custom_1599047984324{padding-right: 10px !important;}&#8221;]<div class=\"key-icon-box icon-default icon-top cont-left ib-no-effect     icon-no-background icon-no-border kd-animated fadeInUp\" style=\"background-color: transparent;\" data-animation-delay=200><div class=\"ib-simple-icon-wrapper\" style=\"margin-bottom:25px;\"><i class=\"iconsmind-Mens iconsmind-People\" style=\"font-weight: 400;\"><\/i> <\/div><h5 class=\"service-heading\" >Productivit\u00e9 par unit\u00e9 de surface<\/h5><\/div><ul class=\"kd-icon-list\" ><li class=\"kd-icon-list-item\"><div class=\"kd-icon-wrapper icon-square\" ><i class=\"fas fa-check\" style=\"color: #ffffff;\"><\/i><\/div><span class=\"kd-list-text\" >Fr\u00e9quence client &#8211; cartographie thermique<\/span><\/li><li class=\"kd-icon-list-item\"><div class=\"kd-icon-wrapper icon-square\" ><i class=\"fas fa-check\" style=\"color: #ffffff;\"><\/i><\/div><span class=\"kd-list-text\" >Organigrammes pour d\u00e9terminer les itin\u00e9raires des clients<\/span><\/li><li class=\"kd-icon-list-item\"><div class=\"kd-icon-wrapper icon-square\" ><i class=\"fas fa-check\" style=\"color: #ffffff;\"><\/i><\/div><span class=\"kd-list-text\" >Analyse m\u00e9dico-l\u00e9gale<\/span><\/li><li class=\"kd-icon-list-item\"><div class=\"kd-icon-wrapper icon-square\" ><i class=\"fas fa-check\" style=\"color: #ffffff;\"><\/i><\/div><span class=\"kd-list-text\" >Gestion des rayons (rupture de stock, comparaison de prix, comparaison de planogramme)<\/span><\/li><li class=\"kd-icon-list-item\"><div class=\"kd-icon-wrapper icon-square\" ><i class=\"fas fa-check\" style=\"color: #ffffff;\"><\/i><\/div><span class=\"kd-list-text\" >Connexion \u00e0 la caisse pour le taux de conversion<\/span><\/li><li class=\"kd-icon-list-item\"><div class=\"kd-icon-wrapper icon-square\" ><i class=\"fas fa-check\" style=\"color: #ffffff;\"><\/i><\/div><span class=\"kd-list-text\" >gestion des files d&#8217;attente<\/span><\/li><\/ul>[\/vc_column_inner][\/vc_row_inner][\/vc_column][\/vc_row][vc_row full_width=&#8221;stretch_row_content_no_spaces&#8221; kd_background_image_position=&#8221;vc_row-bg-position-top&#8221; css=&#8221;.vc_custom_1596729589098{padding-top: 0px !important;padding-bottom: 100px !important;}&#8221;][vc_column][\/vc_column][\/vc_row][vc_row kd_background_image_position=&#8221;vc_row-bg-position-top&#8221;][vc_column][vc_row_inner kd_background_image_position=&#8221;vc_row-bg-position-top&#8221; kd_background_overlay=&#8221;true&#8221; css=&#8221;.vc_custom_1667225457646{margin-bottom: 100px !important;padding-top: 40px !important;padding-bottom: 40px !important;padding-left: 30px !important;border-radius: 50px !important;}&#8221;][vc_column_inner width=&#8221;1\/4&#8243;][vc_single_image image=&#8221;9714&#8243; img_size=&#8221;185&#215;185&#8243; alignment=&#8221;center&#8221; style=&#8221;vc_box_circle&#8221; css=&#8221;.vc_custom_1667225388927{padding-top: 0px !important;}&#8221;][\/vc_column_inner][vc_column_inner width=&#8221;3\/4&#8243;]<header class=\"kd-section-title col-lg-12 text-left  subtitle-below-title   \" ><h2 class=\"separator_off\" >Des solutions adapt\u00e9es \u00e0 vos besoins<\/h2><\/header>[vc_column_text]Vous avez un projet concret ou vous souhaitez vous informer sur le th\u00e8me Retail Analytics ?<br \/>\nDans ce cas, n&#8217;h\u00e9sitez pas \u00e0 vous adresser \u00e0 notre interlocutrice <strong>Luise J\u00e4ger.<\/strong>[\/vc_column_text]<a  href=\"mailto:info@vi2vi-retail-solution.com\"  target=\"_self\"  title=\"\"  class=\"tt_button tt_primary_button btn_primary_color  btn-align-left button-action-link icon_right  kd-animated zoomIn\" data-animation-delay=200><span class=\"prim_text\">\u00c9crivez-moi<\/span><span class=\"fas fa-chevron-right iconita\" style=\"font-size:12px;\"><\/span><\/a>[\/vc_column_inner][\/vc_row_inner][\/vc_column][\/vc_row]<\/p>\n","protected":false},"excerpt":{"rendered":"<p>[vc_row full_width=&#8221;stretch_row&#8221; kd_background_image_position=&#8221;vc_row-bg-position-top&#8221; css=&#8221;.vc_custom_1719487581942{padding-top: 260px !important;padding-bottom: 260px !important;background-image: url(https:\/\/vi2vi-retail-solution.com\/wp-content\/uploads\/2022\/11\/header_analyse-orange1920x800px.jpg?id=10077) !important;background-position: center !important;background-repeat: no-repeat !important;background-size: cover !important;}&#8221; el_class=&#8221;intro-section&#8221; css_mobile=&#8221;.vc_custom_1719487581943{padding-top: 100px !important;padding-bottom: [&hellip;]<\/p>\n","protected":false},"author":1,"featured_media":0,"parent":10946,"menu_order":0,"comment_status":"closed","ping_status":"closed","template":"","meta":{"footnotes":""},"class_list":["post-10983","page","type-page","status-publish","hentry"],"yoast_head":"<!-- This site is optimized with the Yoast SEO plugin v24.0 - https:\/\/yoast.com\/wordpress\/plugins\/seo\/ -->\n<title>Analyse de la vente au d\u00e9tail - vi2vi Retail Solution<\/title>\n<meta name=\"robots\" content=\"index, follow, max-snippet:-1, max-image-preview:large, max-video-preview:-1\" \/>\n<link rel=\"canonical\" href=\"https:\/\/vi2vi-retail-solution.com\/fr\/solutions\/analyse-de-la-vente-au-detail\/\" \/>\n<meta property=\"og:locale\" content=\"fr_FR\" \/>\n<meta property=\"og:type\" content=\"article\" \/>\n<meta property=\"og:title\" content=\"Analyse de la vente au d\u00e9tail - vi2vi Retail Solution\" \/>\n<meta property=\"og:description\" content=\"[vc_row full_width=&#8221;stretch_row&#8221; kd_background_image_position=&#8221;vc_row-bg-position-top&#8221; css=&#8221;.vc_custom_1719487581942{padding-top: 260px !important;padding-bottom: 260px !important;background-image: url(https:\/\/vi2vi-retail-solution.com\/wp-content\/uploads\/2022\/11\/header_analyse-orange1920x800px.jpg?id=10077) !important;background-position: center !important;background-repeat: no-repeat !important;background-size: cover !important;}&#8221; el_class=&#8221;intro-section&#8221; css_mobile=&#8221;.vc_custom_1719487581943{padding-top: 100px !important;padding-bottom: [&hellip;]\" \/>\n<meta property=\"og:url\" content=\"https:\/\/vi2vi-retail-solution.com\/fr\/solutions\/analyse-de-la-vente-au-detail\/\" \/>\n<meta property=\"og:site_name\" content=\"vi2vi Retail Solution\" \/>\n<meta property=\"article:modified_time\" content=\"2024-06-27T11:26:26+00:00\" \/>\n<meta name=\"twitter:card\" content=\"summary_large_image\" \/>\n<meta name=\"twitter:label1\" content=\"Dur\u00e9e de lecture estim\u00e9e\" \/>\n\t<meta name=\"twitter:data1\" content=\"10 minutes\" \/>\n<script type=\"application\/ld+json\" class=\"yoast-schema-graph\">{\"@context\":\"https:\/\/schema.org\",\"@graph\":[{\"@type\":\"WebPage\",\"@id\":\"https:\/\/vi2vi-retail-solution.com\/fr\/solutions\/analyse-de-la-vente-au-detail\/\",\"url\":\"https:\/\/vi2vi-retail-solution.com\/fr\/solutions\/analyse-de-la-vente-au-detail\/\",\"name\":\"Analyse de la vente au d\u00e9tail - vi2vi Retail Solution\",\"isPartOf\":{\"@id\":\"https:\/\/vi2vi-retail-solution.com\/fr\/#website\"},\"datePublished\":\"2022-10-31T14:23:25+00:00\",\"dateModified\":\"2024-06-27T11:26:26+00:00\",\"breadcrumb\":{\"@id\":\"https:\/\/vi2vi-retail-solution.com\/fr\/solutions\/analyse-de-la-vente-au-detail\/#breadcrumb\"},\"inLanguage\":\"fr-FR\",\"potentialAction\":[{\"@type\":\"ReadAction\",\"target\":[\"https:\/\/vi2vi-retail-solution.com\/fr\/solutions\/analyse-de-la-vente-au-detail\/\"]}]},{\"@type\":\"BreadcrumbList\",\"@id\":\"https:\/\/vi2vi-retail-solution.com\/fr\/solutions\/analyse-de-la-vente-au-detail\/#breadcrumb\",\"itemListElement\":[{\"@type\":\"ListItem\",\"position\":1,\"name\":\"Startseite\",\"item\":\"https:\/\/vi2vi-retail-solution.com\/fr\/\"},{\"@type\":\"ListItem\",\"position\":2,\"name\":\"Solutions\",\"item\":\"https:\/\/vi2vi-retail-solution.com\/fr\/loesungen\/\"},{\"@type\":\"ListItem\",\"position\":3,\"name\":\"Analyse de la vente au d\u00e9tail\"}]},{\"@type\":\"WebSite\",\"@id\":\"https:\/\/vi2vi-retail-solution.com\/fr\/#website\",\"url\":\"https:\/\/vi2vi-retail-solution.com\/fr\/\",\"name\":\"vi2vi Retail Solution\",\"description\":\"IP-Video for Retail\",\"potentialAction\":[{\"@type\":\"SearchAction\",\"target\":{\"@type\":\"EntryPoint\",\"urlTemplate\":\"https:\/\/vi2vi-retail-solution.com\/fr\/?s={search_term_string}\"},\"query-input\":{\"@type\":\"PropertyValueSpecification\",\"valueRequired\":true,\"valueName\":\"search_term_string\"}}],\"inLanguage\":\"fr-FR\"}]}<\/script>\n<!-- \/ Yoast SEO plugin. -->","yoast_head_json":{"title":"Analyse de la vente au d\u00e9tail - vi2vi Retail Solution","robots":{"index":"index","follow":"follow","max-snippet":"max-snippet:-1","max-image-preview":"max-image-preview:large","max-video-preview":"max-video-preview:-1"},"canonical":"https:\/\/vi2vi-retail-solution.com\/fr\/solutions\/analyse-de-la-vente-au-detail\/","og_locale":"fr_FR","og_type":"article","og_title":"Analyse de la vente au d\u00e9tail - vi2vi Retail Solution","og_description":"[vc_row full_width=&#8221;stretch_row&#8221; kd_background_image_position=&#8221;vc_row-bg-position-top&#8221; css=&#8221;.vc_custom_1719487581942{padding-top: 260px !important;padding-bottom: 260px !important;background-image: url(https:\/\/vi2vi-retail-solution.com\/wp-content\/uploads\/2022\/11\/header_analyse-orange1920x800px.jpg?id=10077) !important;background-position: center !important;background-repeat: no-repeat !important;background-size: cover !important;}&#8221; el_class=&#8221;intro-section&#8221; css_mobile=&#8221;.vc_custom_1719487581943{padding-top: 100px !important;padding-bottom: [&hellip;]","og_url":"https:\/\/vi2vi-retail-solution.com\/fr\/solutions\/analyse-de-la-vente-au-detail\/","og_site_name":"vi2vi Retail Solution","article_modified_time":"2024-06-27T11:26:26+00:00","twitter_card":"summary_large_image","twitter_misc":{"Dur\u00e9e de lecture estim\u00e9e":"10 minutes"},"schema":{"@context":"https:\/\/schema.org","@graph":[{"@type":"WebPage","@id":"https:\/\/vi2vi-retail-solution.com\/fr\/solutions\/analyse-de-la-vente-au-detail\/","url":"https:\/\/vi2vi-retail-solution.com\/fr\/solutions\/analyse-de-la-vente-au-detail\/","name":"Analyse de la vente au d\u00e9tail - vi2vi Retail Solution","isPartOf":{"@id":"https:\/\/vi2vi-retail-solution.com\/fr\/#website"},"datePublished":"2022-10-31T14:23:25+00:00","dateModified":"2024-06-27T11:26:26+00:00","breadcrumb":{"@id":"https:\/\/vi2vi-retail-solution.com\/fr\/solutions\/analyse-de-la-vente-au-detail\/#breadcrumb"},"inLanguage":"fr-FR","potentialAction":[{"@type":"ReadAction","target":["https:\/\/vi2vi-retail-solution.com\/fr\/solutions\/analyse-de-la-vente-au-detail\/"]}]},{"@type":"BreadcrumbList","@id":"https:\/\/vi2vi-retail-solution.com\/fr\/solutions\/analyse-de-la-vente-au-detail\/#breadcrumb","itemListElement":[{"@type":"ListItem","position":1,"name":"Startseite","item":"https:\/\/vi2vi-retail-solution.com\/fr\/"},{"@type":"ListItem","position":2,"name":"Solutions","item":"https:\/\/vi2vi-retail-solution.com\/fr\/loesungen\/"},{"@type":"ListItem","position":3,"name":"Analyse de la vente au d\u00e9tail"}]},{"@type":"WebSite","@id":"https:\/\/vi2vi-retail-solution.com\/fr\/#website","url":"https:\/\/vi2vi-retail-solution.com\/fr\/","name":"vi2vi Retail Solution","description":"IP-Video for Retail","potentialAction":[{"@type":"SearchAction","target":{"@type":"EntryPoint","urlTemplate":"https:\/\/vi2vi-retail-solution.com\/fr\/?s={search_term_string}"},"query-input":{"@type":"PropertyValueSpecification","valueRequired":true,"valueName":"search_term_string"}}],"inLanguage":"fr-FR"}]}},"_links":{"self":[{"href":"https:\/\/vi2vi-retail-solution.com\/fr\/wp-json\/wp\/v2\/pages\/10983","targetHints":{"allow":["GET"]}}],"collection":[{"href":"https:\/\/vi2vi-retail-solution.com\/fr\/wp-json\/wp\/v2\/pages"}],"about":[{"href":"https:\/\/vi2vi-retail-solution.com\/fr\/wp-json\/wp\/v2\/types\/page"}],"author":[{"embeddable":true,"href":"https:\/\/vi2vi-retail-solution.com\/fr\/wp-json\/wp\/v2\/users\/1"}],"replies":[{"embeddable":true,"href":"https:\/\/vi2vi-retail-solution.com\/fr\/wp-json\/wp\/v2\/comments?post=10983"}],"version-history":[{"count":6,"href":"https:\/\/vi2vi-retail-solution.com\/fr\/wp-json\/wp\/v2\/pages\/10983\/revisions"}],"predecessor-version":[{"id":12187,"href":"https:\/\/vi2vi-retail-solution.com\/fr\/wp-json\/wp\/v2\/pages\/10983\/revisions\/12187"}],"up":[{"embeddable":true,"href":"https:\/\/vi2vi-retail-solution.com\/fr\/wp-json\/wp\/v2\/pages\/10946"}],"wp:attachment":[{"href":"https:\/\/vi2vi-retail-solution.com\/fr\/wp-json\/wp\/v2\/media?parent=10983"}],"curies":[{"name":"wp","href":"https:\/\/api.w.org\/{rel}","templated":true}]}}