{"id":10971,"date":"2022-11-03T13:20:03","date_gmt":"2022-11-03T12:20:03","guid":{"rendered":"https:\/\/webtest.vi2vi-retail-solution.com\/entreprise\/"},"modified":"2024-06-27T13:33:46","modified_gmt":"2024-06-27T11:33:46","slug":"entreprise","status":"publish","type":"page","link":"https:\/\/vi2vi-retail-solution.com\/fr\/entreprise\/","title":{"rendered":"Entreprise"},"content":{"rendered":"<p>[vc_row full_width=&#8221;stretch_row&#8221; kd_background_image_position=&#8221;vc_row-bg-position-top&#8221; css=&#8221;.vc_custom_1719488021168{padding-top: 260px !important;padding-bottom: 260px !important;background-image: url(https:\/\/vi2vi-retail-solution.com\/wp-content\/uploads\/2022\/11\/header_halle-orange1920x800px.jpg?id=10107) !important;background-position: center !important;background-repeat: no-repeat !important;background-size: cover !important;}&#8221; el_class=&#8221;intro-section&#8221; css_mobile=&#8221;.vc_custom_1719488021169{padding-top: 100px !important;padding-bottom: 150px !important;}&#8221; css_tablet_portrait=&#8221;.vc_custom_1719488021169{padding-top: 200px !important;padding-bottom: 250px !important;}&#8221; top_section_title=&#8221;&#8221; bottom_section_title=&#8221;&#8221;][vc_column][vc_row_inner kd_background_image_position=&#8221;vc_row-bg-position-top&#8221;][vc_column_inner]<header class=\"kd-section-title col-lg-12 text-center  subtitle-below-title kd-animated fadeIn   vc_custom_1668673876065\" data-animation-delay=200><h1 class=\"separator_off\" style=\"color: #ffffff;font-size: 52px;line-height: 68px;margin-bottom:30px;\">Notre entreprise<\/h1><h6 class=\"subtitle\" style=\"color: rgba(255,255,255,0.8);\">Nous sommes une entreprise de syst\u00e8mes pour les applications de vid\u00e9osurveillance bas\u00e9es sur IP ainsi que<br \/>\nTechnique d'alarme anti-intrusion dans le segment de client\u00e8le des grandes entreprises de d\u00e9tail actives au niveau international.<\/h6><\/header><div class=\"scroll-down-wrapper sd-align-center kd-animated fadeInUp  vc_custom_1667483102938\" data-animation-delay=200><a href=\"#first\" class=\"scroll-down-arrow btn-smooth-scroll\" style=\"background-color: #ffffff;\"><\/a><\/div>[\/vc_column_inner][\/vc_row_inner][\/vc_column][\/vc_row][vc_row full_width=&#8221;stretch_row_content_no_spaces&#8221; kd_background_image_position=&#8221;vc_row-bg-position-top&#8221; css=&#8221;.vc_custom_1596729589098{padding-top: 0px !important;padding-bottom: 100px !important;}&#8221;][vc_column][\/vc_column][\/vc_row][vc_row kd_background_image_position=&#8221;vc_row-bg-position-top&#8221; css=&#8221;.vc_custom_1667483073895{padding-bottom: 100px !important;}&#8221; el_id=&#8221;first&#8221;][vc_column width=&#8221;2\/3&#8243; css=&#8221;.vc_custom_1597665991208{padding-right: 0px !important;padding-left: 0px !important;}&#8221;]<header class=\"kd-section-title col-lg-12 text-left  subtitle-below-title kd-animated fadeIn   vc_custom_1667479729494\" data-animation-delay=200><h2 class=\"separator_off\" style=\"font-size: 38px;margin-bottom:30px;\">Nouveau concept mis en \u0153uvre avec succ\u00e8s<\/h2><\/header>[vc_column_text css=&#8221;.vc_custom_1667482903707{padding-right: 50px !important;}&#8221;]La <strong>soci\u00e9t\u00e9 vi2vi Retail Solution GmbH<\/strong> a \u00e9t\u00e9 fond\u00e9e en 2015 et se d\u00e9finit comme une entreprise de syst\u00e8mes pour les applications de vid\u00e9osurveillance bas\u00e9es sur IP ainsi que pour les techniques de d\u00e9tection d&#8217;intrusion dans le segment de client\u00e8le des grandes entreprises de commerce de d\u00e9tail op\u00e9rant \u00e0 l&#8217;\u00e9chelle internationale.<\/p>\n<p>Dans ce domaine, vi2vi Retail Solution r\u00e9alise des projets internationaux de d\u00e9ploiement d&#8217;installations de vid\u00e9osurveillance IP et d&#8217;alarmes anti-intrusion depuis votre site d&#8217;Ettlingen.<\/p>\n<p>Gr\u00e2ce \u00e0 son orientation cons\u00e9quente sur le segment de march\u00e9 des entreprises multinationales dans le domaine de la vente au d\u00e9tail, vi2vi Retail Solution peut offrir un savoir-faire et une exp\u00e9rience complets en ce qui concerne les exigences et les solutions des applications de vid\u00e9osurveillance standard, les applications de Business Video Intelligence ainsi que l&#8217;utilisation de la technique d&#8217;alarme anti-intrusion correspondante dans les grands projets de d\u00e9ploiement.<\/p>\n<p>Outre les services d&#8217;avant-vente et de planification correspondants avant le d\u00e9but du projet, des chefs de projet exp\u00e9riment\u00e9s de vi2vi Retail Solution GmbH, en collaboration avec les fabricants dans le domaine de la vid\u00e9o (Axis, Bosch, SeeTec, etc.) ainsi que les fabricants dans le domaine de la technique d&#8217;alarme anti-intrusion (Honeywell, Vanderbilt), soutiennent les clients \u00e0 l&#8217;\u00e9chelle internationale sur place lors de la mise en \u0153uvre des projets dans le cadre de la gestion de projet, par la formation multilingue des partenaires locaux pour le montage et l&#8217;installation sur place et lors des tests d&#8217;acceptation en usine correspondants.<\/p>\n<p>Le portefeuille de prestations est compl\u00e9t\u00e9 par une assistance \u00e0 distance et des prestations de service correspondantes, ainsi que par la mise en place de syst\u00e8mes de surveillance correspondants par les int\u00e9grateurs de syst\u00e8mes de la vi2vi Retail Solution.[\/vc_column_text][\/vc_column][vc_column width=&#8221;1\/3&#8243; css=&#8221;.vc_custom_1667482890934{padding-top: 40px !important;padding-right: 20px !important;padding-bottom: 20px !important;padding-left: 20px !important;background-color: #fef6ed !important;border-radius: 25px !important;}&#8221;]<header class=\"kd-section-title col-lg-12 text-left  subtitle-below-title kd-animated fadeIn   vc_custom_1667482942092\" data-animation-delay=200><h2 class=\"separator_off\" style=\"font-size: 28px;margin-bottom:30px;\">Faites connaissance avec notre \u00e9quipe<\/h2><h6 class=\"subtitle\" >De 6 employ\u00e9s \u00e0 l'origine, nous sommes pass\u00e9s \u00e0 plus de 60 en quelques ann\u00e9es. Une petite famille compos\u00e9e de personnes venant des quatre coins du monde et qui, chaque jour, fait tout son possible pour aider nos clients.<\/h6><\/header><a  href=\"\/fr\/entreprise\/equipe\/\"  target=\"_self\"  title=\"\"  class=\"tt_button tt_secondary_button btn_primary_color  btn-align-left button-action-link icon_right  kd-animated zoomIn\" data-animation-delay=200><span class=\"prim_text\">L'\u00e9quipe<\/span><span class=\"fas fa-chevron-right iconita\" ><\/span><\/a>[\/vc_column][\/vc_row][vc_row kd_background_image_position=&#8221;vc_row-bg-position-top&#8221; css=&#8221;.vc_custom_1634203422279{padding-bottom: 100px !important;}&#8221;][vc_column css=&#8221;.vc_custom_1597665991208{padding-right: 0px !important;padding-left: 0px !important;}&#8221;][vc_separator css=&#8221;.vc_custom_1667483016791{padding-bottom: 30px !important;}&#8221;]<header class=\"kd-section-title col-lg-12 text-left  subtitle-below-title kd-animated fadeIn   vc_custom_1667482284262\" data-animation-delay=200><h2 class=\"separator_off\" style=\"font-size: 38px;margin-bottom:30px;\">Histoire de l'entreprise<\/h2><\/header><div class=\"kd-timeline timeline-align-zigzag\">\r\n      \t\t\t\t<div class=\"timeline-line\" >\r\n      \t\t\t\t\t<div class=\"timeline-line-inner\"><\/div>\r\n      \t\t\t\t<\/div>\r\n      \t\t\t\t<div class=\"timeline-item  kd-animated fadeInLeft\" data-animation-delay=400>\r\n  \t\t\t\t    <div class=\"timeline-item-wrapper \" ><div class=\"timeline-item-date\"><p class=\"item-date\" >Juillet 2015<\/p><\/div><div class=\"timeline-content\"><h4 class=\"timeline-item-title\" >Un d\u00e9but a \u00e9t\u00e9 fait<\/h4><p class=\"timeline-item-description\" >Le 13 juillet 2015 est le jour o\u00f9 nous, vi2vi Retail Solution GmbH, avons officiellement c\u00e9l\u00e9br\u00e9 notre naissance. A cette \u00e9poque, avec notre soci\u00e9t\u00e9 s\u0153ur vi2vi GMS GmbH, nous avons commenc\u00e9 avec six employ\u00e9s sur pr\u00e8s de 87 m\u00e8tres carr\u00e9s. \u00c0 cette \u00e9poque, vi2vi Retail Solution GmbH a \u00e9t\u00e9 s\u00e9par\u00e9e de vi2vi GmbH et fond\u00e9e avec un accent sur les solutions et les processus de vente au d\u00e9tail dans l'environnement des d\u00e9taillants internationaux. Ensemble, les g\u00e9rants Matthias Bechler et Thomas Kunz ont cr\u00e9\u00e9 un tout nouveau concept. Avec 6 employ\u00e9s, nous nous sommes lanc\u00e9s dans un nouvel avenir<\/p><\/div><\/div><div class=\"timeline-item-arrow\" ><\/div>\r\n              <div class=\"timeline-item-point\" ><\/div>\r\n      \t\t\t<\/div><div class=\"timeline-item  kd-animated fadeInRight\" data-animation-delay=400>\r\n  \t\t\t\t    <div class=\"timeline-item-wrapper \" ><div class=\"timeline-item-date\"><p class=\"item-date\" >2016<\/p><\/div><div class=\"timeline-content\"><h4 class=\"timeline-item-title\" >Vers de nouveaux rivages<\/h4><p class=\"timeline-item-description\" >En 2016, nous avons lanc\u00e9 des projets dans des pays d'Europe qui \u00e9taient nouveaux pour nous : les Pays-Bas, la France, la R\u00e9publique tch\u00e8que, l'Irlande, la Hongrie, la Lituanie et l'Espagne.<\/p><\/div><\/div><div class=\"timeline-item-arrow\" ><\/div>\r\n              <div class=\"timeline-item-point\" ><\/div>\r\n      \t\t\t<\/div><div class=\"timeline-item  kd-animated fadeInLeft\" data-animation-delay=400>\r\n  \t\t\t\t    <div class=\"timeline-item-wrapper \" ><div class=\"timeline-item-date\"><p class=\"item-date\" >Juin 2017<\/p><\/div><div class=\"timeline-content\"><h4 class=\"timeline-item-title\" >D\u00e9m\u00e9nagement dans les nouveaux locaux<\/h4><p class=\"timeline-item-description\" >En raison de la croissance constante de l'entreprise, le d\u00e9m\u00e9nagement dans nos nouveaux locaux \u00e9tait pr\u00e9vu en juin 2017. Avec une grande salle, rien ne s'opposait \u00e0 la poursuite de la croissance et \u00e0 de nouveaux projets passionnants.<\/p><\/div><\/div><div class=\"timeline-item-arrow\" ><\/div>\r\n              <div class=\"timeline-item-point\" ><\/div>\r\n      \t\t\t<\/div><div class=\"timeline-item  kd-animated fadeInRight\" data-animation-delay=400>\r\n  \t\t\t\t    <div class=\"timeline-item-wrapper \" ><div class=\"timeline-item-date\"><p class=\"item-date\" >2017<\/p><\/div><div class=\"timeline-content\"><h4 class=\"timeline-item-title\" >R\u00e9compense : Partenaire de l'ann\u00e9e<\/h4><p class=\"timeline-item-description\" >Gr\u00e2ce \u00e0 notre projet avec le plus grand volume (ventes chez Axis) dans le secteur de la vente au d\u00e9tail au cours de la derni\u00e8re ann\u00e9e et demie, nous avons remport\u00e9 le prix ``Partenaire de l'ann\u00e9e`` d'Axis en 2017. Nous avons \u00e9t\u00e9 honor\u00e9s et impressionn\u00e9s par le professionnalisme et le savoir-faire technique de nos employ\u00e9s. Avec ce prix en 2017, Axis souhaite \u00e9galement vous remercier pour la fid\u00e9lit\u00e9 \u00e0 100% \u00e0 notre entreprise, ce qui nous rend tr\u00e8s fiers !<\/p><\/div><\/div><div class=\"timeline-item-arrow\" ><\/div>\r\n              <div class=\"timeline-item-point\" ><\/div>\r\n      \t\t\t<\/div><div class=\"timeline-item  kd-animated fadeInLeft\" data-animation-delay=400>\r\n  \t\t\t\t    <div class=\"timeline-item-wrapper \" ><div class=\"timeline-item-date\"><p class=\"item-date\" >2018<\/p><\/div><div class=\"timeline-content\"><h4 class=\"timeline-item-title\" >Coup d'envoi au Portugal<\/h4><p class=\"timeline-item-description\" >En 2018, avec 12 employ\u00e9s, nous sommes all\u00e9s au Portugal pour la premi\u00e8re fois. En trois jours de coop\u00e9ration intensive, les objectifs pour l'ann\u00e9e \u00e0 venir ont \u00e9t\u00e9 fix\u00e9s et les exp\u00e9riences de l'ann\u00e9e \u00e9coul\u00e9e ont \u00e9t\u00e9 partag\u00e9es. Bien pr\u00e9par\u00e9s, nous commen\u00e7ons ensemble la nouvelle ann\u00e9e fiscale.<\/p><\/div><\/div><div class=\"timeline-item-arrow\" ><\/div>\r\n              <div class=\"timeline-item-point\" ><\/div>\r\n      \t\t\t<\/div><div class=\"timeline-item  kd-animated fadeInRight\" data-animation-delay=400>\r\n  \t\t\t\t    <div class=\"timeline-item-wrapper \" ><div class=\"timeline-item-date\"><p class=\"item-date\" >Janvier 2019<\/p><\/div><div class=\"timeline-content\"><h4 class=\"timeline-item-title\" >Notre nouveau monde du travail<\/h4><p class=\"timeline-item-description\" >L'ann\u00e9e a commenc\u00e9 avec la cr\u00e9ation d'un nouvel environnement de travail dans notre hall. En plus des postes de travail suppl\u00e9mentaires, un nouvel espace a \u00e9t\u00e9 cr\u00e9\u00e9 o\u00f9 les r\u00e9unions peuvent avoir lieu dans une atmosph\u00e8re d\u00e9tendue et confortable.<\/p><\/div><\/div><div class=\"timeline-item-arrow\" ><\/div>\r\n              <div class=\"timeline-item-point\" ><\/div>\r\n      \t\t\t<\/div><div class=\"timeline-item  kd-animated fadeInLeft\" data-animation-delay=400>\r\n  \t\t\t\t    <div class=\"timeline-item-wrapper \" ><div class=\"timeline-item-date\"><p class=\"item-date\" >Octobre 2019<\/p><\/div><div class=\"timeline-content\"><h4 class=\"timeline-item-title\" >Prix : Femmes en s\u00e9curit\u00e9<\/h4><p class=\"timeline-item-description\" >Pr\u00e9sentation du prix sp\u00e9cial Axis Woman in Security, qui a \u00e9t\u00e9 d\u00e9cern\u00e9 \u00e0 des femmes particuli\u00e8rement d\u00e9vou\u00e9es dans l'industrie de la s\u00e9curit\u00e9. Parmi eux, notre coll\u00e8gue Ramona Gau\u00df des achats et notre coll\u00e8gue Belinda Dettinger de vi2vi GmbH.<\/p><\/div><\/div><div class=\"timeline-item-arrow\" ><\/div>\r\n              <div class=\"timeline-item-point\" ><\/div>\r\n      \t\t\t<\/div><div class=\"timeline-item  kd-animated fadeInRight\" data-animation-delay=400>\r\n  \t\t\t\t    <div class=\"timeline-item-wrapper \" ><div class=\"timeline-item-date\"><p class=\"item-date\" >Juin 2020<\/p><\/div><div class=\"timeline-content\"><h4 class=\"timeline-item-title\" >5e anniversaire<\/h4><p class=\"timeline-item-description\" >Aujourd'hui, notre \u00e9quipe est compos\u00e9e de 30 employ\u00e9s. Avec notre si\u00e8ge social au milieu de la r\u00e9gion m\u00e9tropolitaine du Rhin sup\u00e9rieur et de la r\u00e9gion technologique de Karlsruhe, nous r\u00e9alisons maintenant nos projets sur environ 1400 m\u00e8tres carr\u00e9s. Le commerce \u00e9lectronique et le commerce stationnaire fusionnent de plus en plus, de sorte que nous nous trouvons dans un segment de march\u00e9 en constante \u00e9volution. Notre \u00e9quipe parvient \u00e0 relever ces d\u00e9fis chaque jour et \u00e0 assurer et renforcer notre position internationalement reconnue en tant que partenaire de solutions avec comp\u00e9tence et fiabilit\u00e9. En 2020, nous avons apport\u00e9 la s\u00e9curit\u00e9 dans plus de 28 pays avec nos solutions de vid\u00e9osurveillance et nos technologies de d\u00e9tection d'intrusion. L\u00e0 o\u00f9 l'allemand \u00e9tait la langue maternelle de vi2vi Retail Solution GmbH au d\u00e9but, on parle maintenant l'anglais, le fran\u00e7ais, l'espagnol, le grec, le turc, l'italien, le russe, l'arabe, le pashto et le dari.<\/p><\/div><\/div><div class=\"timeline-item-arrow\" ><\/div>\r\n              <div class=\"timeline-item-point\" ><\/div>\r\n      \t\t\t<\/div><div class=\"timeline-item  kd-animated fadeInLeft\" data-animation-delay=400>\r\n  \t\t\t\t    <div class=\"timeline-item-wrapper \" ><div class=\"timeline-item-date\"><p class=\"item-date\" >2021<\/p><\/div><div class=\"timeline-content\"><h4 class=\"timeline-item-title\" >Ensemble pendant la pand\u00e9mie<\/h4><p class=\"timeline-item-description\" >Notre monde du travail \u00e9tait tr\u00e8s num\u00e9rique et \u00e9loign\u00e9 d\u00e8s le d\u00e9part. Mais le bureau \u00e0 domicile permanent a \u00e9galement \u00e9t\u00e9 un changement pour nous. Malgr\u00e9 tous les obstacles et les moments difficiles, nous avons pu augmenter notre succ\u00e8s avec ing\u00e9niosit\u00e9 et beaucoup de beaux projets. Le hall a d\u00fb \u00eatre agrandi pour avoir plus d'espace pour les demandes et les commandes des clients. Mais l'augmentation du nombre de nouveaux employ\u00e9s a \u00e9galement n\u00e9cessit\u00e9 plus d'espace, malgr\u00e9 le bureau \u00e0 domicile. Nous avons pu doubler le nombre d'employ\u00e9s en 2021 et avions un total de 60 employ\u00e9s \u00e0 la fin de 2021.<\/p><\/div><\/div><div class=\"timeline-item-arrow\" ><\/div>\r\n              <div class=\"timeline-item-point\" ><\/div>\r\n      \t\t\t<\/div><div class=\"timeline-item  kd-animated fadeInRight\" data-animation-delay=400>\r\n  \t\t\t\t    <div class=\"timeline-item-wrapper \" ><div class=\"timeline-item-date\"><p class=\"item-date\" >2022<\/p><\/div><div class=\"timeline-content\"><h4 class=\"timeline-item-title\" >Pour un meilleur environnement<\/h4><p class=\"timeline-item-description\" >Nous avons constitu\u00e9 une \u00e9quipe RSE (Responsabilit\u00e9 Soci\u00e9tale des Entreprises) issue de tous les d\u00e9partements pour accompagner et faire \u00e9voluer les enjeux environnementaux, sociaux et culturels au sein de l'entreprise, mais aussi dans la vie priv\u00e9e des salari\u00e9s.<\/p><\/div><\/div><div class=\"timeline-item-arrow\" ><\/div>\r\n              <div class=\"timeline-item-point\" ><\/div>\r\n      \t\t\t<\/div>\r\n      \t\t\t<\/div>[\/vc_column][\/vc_row][vc_row full_width=&#8221;stretch_row&#8221; content_placement=&#8221;middle&#8221; parallax=&#8221;content-moving&#8221; kd_background_image_position=&#8221;vc_row-bg-position-center&#8221; kd_background_overlay=&#8221;true&#8221; css=&#8221;.vc_custom_1666359673602{padding-top: 150px !important;padding-bottom: 150px !important;background-image: url(https:\/\/webtest.vi2vi-retail-solution.com\/wp-content\/uploads\/2022\/10\/startup-bg.jpg?id=9671) !important;}&#8221;][vc_column]<header class=\"kd-section-title col-lg-8 vc_col-sm-8 text-center  subtitle-below-title   \" ><h2 class=\"separator_off\" style=\"color: #ffffff;font-size: 42px;font-weight: 700;\">Vous cherchez un emploi - nous embauchons<\/h2><h6 class=\"subtitle\" style=\"color: #ffffff;\">Travailler \u00e0 l'abri de la crise dans un domaine techniquement innovant avec un environnement de travail num\u00e9rique, des prestations sociales vari\u00e9es, un salaire \u00e9quitable, des possibilit\u00e9s de d\u00e9veloppement et de superbes \u00e9v\u00e9nements d'entreprise.<\/h6><\/header>[vc_empty_space]<a  href=\"https:\/\/karriere.vi2vi-retail-solution.com\/\"  target=\"_self\"  title=\"\"  class=\"tt_button tt_primary_button btn_primary_color  button-center button-action-link icon_left\" ><span class=\"fas fa-briefcase iconita\" ><\/span><span class=\"prim_text\">Nos offres d'emploi<\/span><\/a>[\/vc_column][\/vc_row]<\/p>\n","protected":false},"excerpt":{"rendered":"<p>[vc_row full_width=&#8221;stretch_row&#8221; kd_background_image_position=&#8221;vc_row-bg-position-top&#8221; css=&#8221;.vc_custom_1719488021168{padding-top: 260px !important;padding-bottom: 260px !important;background-image: url(https:\/\/vi2vi-retail-solution.com\/wp-content\/uploads\/2022\/11\/header_halle-orange1920x800px.jpg?id=10107) !important;background-position: center !important;background-repeat: no-repeat !important;background-size: cover !important;}&#8221; el_class=&#8221;intro-section&#8221; css_mobile=&#8221;.vc_custom_1719488021169{padding-top: 100px !important;padding-bottom: [&hellip;]<\/p>\n","protected":false},"author":1,"featured_media":0,"parent":0,"menu_order":0,"comment_status":"closed","ping_status":"closed","template":"","meta":{"footnotes":""},"class_list":["post-10971","page","type-page","status-publish","hentry"],"yoast_head":"<!-- This site is optimized with the Yoast SEO plugin v24.0 - https:\/\/yoast.com\/wordpress\/plugins\/seo\/ -->\n<title>Entreprise - vi2vi Retail Solution<\/title>\n<meta name=\"robots\" content=\"index, follow, max-snippet:-1, max-image-preview:large, max-video-preview:-1\" \/>\n<link rel=\"canonical\" href=\"https:\/\/vi2vi-retail-solution.com\/fr\/entreprise\/\" \/>\n<meta property=\"og:locale\" content=\"fr_FR\" \/>\n<meta property=\"og:type\" content=\"article\" \/>\n<meta property=\"og:title\" content=\"Entreprise - vi2vi Retail Solution\" \/>\n<meta property=\"og:description\" content=\"[vc_row full_width=&#8221;stretch_row&#8221; kd_background_image_position=&#8221;vc_row-bg-position-top&#8221; css=&#8221;.vc_custom_1719488021168{padding-top: 260px !important;padding-bottom: 260px !important;background-image: url(https:\/\/vi2vi-retail-solution.com\/wp-content\/uploads\/2022\/11\/header_halle-orange1920x800px.jpg?id=10107) !important;background-position: center !important;background-repeat: no-repeat !important;background-size: cover !important;}&#8221; el_class=&#8221;intro-section&#8221; css_mobile=&#8221;.vc_custom_1719488021169{padding-top: 100px !important;padding-bottom: [&hellip;]\" \/>\n<meta property=\"og:url\" content=\"https:\/\/vi2vi-retail-solution.com\/fr\/entreprise\/\" \/>\n<meta property=\"og:site_name\" content=\"vi2vi Retail Solution\" \/>\n<meta property=\"article:modified_time\" content=\"2024-06-27T11:33:46+00:00\" \/>\n<meta name=\"twitter:card\" content=\"summary_large_image\" \/>\n<meta name=\"twitter:label1\" content=\"Dur\u00e9e de lecture estim\u00e9e\" \/>\n\t<meta name=\"twitter:data1\" content=\"11 minutes\" \/>\n<script type=\"application\/ld+json\" class=\"yoast-schema-graph\">{\"@context\":\"https:\/\/schema.org\",\"@graph\":[{\"@type\":\"WebPage\",\"@id\":\"https:\/\/vi2vi-retail-solution.com\/fr\/entreprise\/\",\"url\":\"https:\/\/vi2vi-retail-solution.com\/fr\/entreprise\/\",\"name\":\"Entreprise - vi2vi Retail Solution\",\"isPartOf\":{\"@id\":\"https:\/\/vi2vi-retail-solution.com\/fr\/#website\"},\"datePublished\":\"2022-11-03T12:20:03+00:00\",\"dateModified\":\"2024-06-27T11:33:46+00:00\",\"breadcrumb\":{\"@id\":\"https:\/\/vi2vi-retail-solution.com\/fr\/entreprise\/#breadcrumb\"},\"inLanguage\":\"fr-FR\",\"potentialAction\":[{\"@type\":\"ReadAction\",\"target\":[\"https:\/\/vi2vi-retail-solution.com\/fr\/entreprise\/\"]}]},{\"@type\":\"BreadcrumbList\",\"@id\":\"https:\/\/vi2vi-retail-solution.com\/fr\/entreprise\/#breadcrumb\",\"itemListElement\":[{\"@type\":\"ListItem\",\"position\":1,\"name\":\"Startseite\",\"item\":\"https:\/\/vi2vi-retail-solution.com\/fr\/\"},{\"@type\":\"ListItem\",\"position\":2,\"name\":\"Entreprise\"}]},{\"@type\":\"WebSite\",\"@id\":\"https:\/\/vi2vi-retail-solution.com\/fr\/#website\",\"url\":\"https:\/\/vi2vi-retail-solution.com\/fr\/\",\"name\":\"vi2vi Retail Solution\",\"description\":\"IP-Video for Retail\",\"potentialAction\":[{\"@type\":\"SearchAction\",\"target\":{\"@type\":\"EntryPoint\",\"urlTemplate\":\"https:\/\/vi2vi-retail-solution.com\/fr\/?s={search_term_string}\"},\"query-input\":{\"@type\":\"PropertyValueSpecification\",\"valueRequired\":true,\"valueName\":\"search_term_string\"}}],\"inLanguage\":\"fr-FR\"}]}<\/script>\n<!-- \/ Yoast SEO plugin. -->","yoast_head_json":{"title":"Entreprise - vi2vi Retail Solution","robots":{"index":"index","follow":"follow","max-snippet":"max-snippet:-1","max-image-preview":"max-image-preview:large","max-video-preview":"max-video-preview:-1"},"canonical":"https:\/\/vi2vi-retail-solution.com\/fr\/entreprise\/","og_locale":"fr_FR","og_type":"article","og_title":"Entreprise - vi2vi Retail Solution","og_description":"[vc_row full_width=&#8221;stretch_row&#8221; kd_background_image_position=&#8221;vc_row-bg-position-top&#8221; css=&#8221;.vc_custom_1719488021168{padding-top: 260px !important;padding-bottom: 260px !important;background-image: url(https:\/\/vi2vi-retail-solution.com\/wp-content\/uploads\/2022\/11\/header_halle-orange1920x800px.jpg?id=10107) !important;background-position: center !important;background-repeat: no-repeat !important;background-size: cover !important;}&#8221; el_class=&#8221;intro-section&#8221; css_mobile=&#8221;.vc_custom_1719488021169{padding-top: 100px !important;padding-bottom: [&hellip;]","og_url":"https:\/\/vi2vi-retail-solution.com\/fr\/entreprise\/","og_site_name":"vi2vi Retail Solution","article_modified_time":"2024-06-27T11:33:46+00:00","twitter_card":"summary_large_image","twitter_misc":{"Dur\u00e9e de lecture estim\u00e9e":"11 minutes"},"schema":{"@context":"https:\/\/schema.org","@graph":[{"@type":"WebPage","@id":"https:\/\/vi2vi-retail-solution.com\/fr\/entreprise\/","url":"https:\/\/vi2vi-retail-solution.com\/fr\/entreprise\/","name":"Entreprise - vi2vi Retail Solution","isPartOf":{"@id":"https:\/\/vi2vi-retail-solution.com\/fr\/#website"},"datePublished":"2022-11-03T12:20:03+00:00","dateModified":"2024-06-27T11:33:46+00:00","breadcrumb":{"@id":"https:\/\/vi2vi-retail-solution.com\/fr\/entreprise\/#breadcrumb"},"inLanguage":"fr-FR","potentialAction":[{"@type":"ReadAction","target":["https:\/\/vi2vi-retail-solution.com\/fr\/entreprise\/"]}]},{"@type":"BreadcrumbList","@id":"https:\/\/vi2vi-retail-solution.com\/fr\/entreprise\/#breadcrumb","itemListElement":[{"@type":"ListItem","position":1,"name":"Startseite","item":"https:\/\/vi2vi-retail-solution.com\/fr\/"},{"@type":"ListItem","position":2,"name":"Entreprise"}]},{"@type":"WebSite","@id":"https:\/\/vi2vi-retail-solution.com\/fr\/#website","url":"https:\/\/vi2vi-retail-solution.com\/fr\/","name":"vi2vi Retail Solution","description":"IP-Video for Retail","potentialAction":[{"@type":"SearchAction","target":{"@type":"EntryPoint","urlTemplate":"https:\/\/vi2vi-retail-solution.com\/fr\/?s={search_term_string}"},"query-input":{"@type":"PropertyValueSpecification","valueRequired":true,"valueName":"search_term_string"}}],"inLanguage":"fr-FR"}]}},"_links":{"self":[{"href":"https:\/\/vi2vi-retail-solution.com\/fr\/wp-json\/wp\/v2\/pages\/10971","targetHints":{"allow":["GET"]}}],"collection":[{"href":"https:\/\/vi2vi-retail-solution.com\/fr\/wp-json\/wp\/v2\/pages"}],"about":[{"href":"https:\/\/vi2vi-retail-solution.com\/fr\/wp-json\/wp\/v2\/types\/page"}],"author":[{"embeddable":true,"href":"https:\/\/vi2vi-retail-solution.com\/fr\/wp-json\/wp\/v2\/users\/1"}],"replies":[{"embeddable":true,"href":"https:\/\/vi2vi-retail-solution.com\/fr\/wp-json\/wp\/v2\/comments?post=10971"}],"version-history":[{"count":10,"href":"https:\/\/vi2vi-retail-solution.com\/fr\/wp-json\/wp\/v2\/pages\/10971\/revisions"}],"predecessor-version":[{"id":12191,"href":"https:\/\/vi2vi-retail-solution.com\/fr\/wp-json\/wp\/v2\/pages\/10971\/revisions\/12191"}],"wp:attachment":[{"href":"https:\/\/vi2vi-retail-solution.com\/fr\/wp-json\/wp\/v2\/media?parent=10971"}],"curies":[{"name":"wp","href":"https:\/\/api.w.org\/{rel}","templated":true}]}}