{"id":10946,"date":"2022-10-24T13:06:05","date_gmt":"2022-10-24T11:06:05","guid":{"rendered":"https:\/\/webtest.vi2vi-retail-solution.com\/solutions\/"},"modified":"2024-06-27T13:23:38","modified_gmt":"2024-06-27T11:23:38","slug":"solutions","status":"publish","type":"page","link":"https:\/\/vi2vi-retail-solution.com\/fr\/solutions\/","title":{"rendered":"Solutions"},"content":{"rendered":"<p>[vc_row full_width=&#8221;stretch_row&#8221; kd_background_image_position=&#8221;vc_row-bg-position-top&#8221; css=&#8221;.vc_custom_1719487415155{padding-top: 260px !important;padding-bottom: 260px !important;background-image: url(https:\/\/vi2vi-retail-solution.com\/wp-content\/uploads\/2022\/11\/header_einkaufszentrum-orange1920x800px.jpg?id=10071) !important;background-position: center !important;background-repeat: no-repeat !important;background-size: cover !important;}&#8221; el_class=&#8221;intro-section&#8221; css_mobile=&#8221;.vc_custom_1719487415157{padding-top: 100px !important;padding-bottom: 150px !important;}&#8221; css_tablet_portrait=&#8221;.vc_custom_1719487415156{padding-top: 200px !important;padding-bottom: 250px !important;}&#8221; top_section_title=&#8221;&#8221; bottom_section_title=&#8221;&#8221;][vc_column][vc_row_inner kd_background_image_position=&#8221;vc_row-bg-position-top&#8221;][vc_column_inner]<header class=\"kd-section-title col-lg-12 text-center  subtitle-below-title kd-animated fadeIn   vc_custom_1669384097081\" data-animation-delay=200><h1 class=\"separator_off\" style=\"color: #ffffff;font-size: 52px;line-height: 68px;margin-bottom:30px;\">Nos solutions<\/h1><h6 class=\"subtitle\" style=\"color: rgba(255,255,255,0.8);\">Des solutions de surveillance compl\u00e8tes, des analyses utiles,<br \/>\ndes voies de communication intelligentes et une protection avec des syst\u00e8mes d'alarme et d'intrusion.<\/h6><\/header><div class=\"scroll-down-wrapper sd-align-center kd-animated fadeInUp  vc_custom_1606153287439\" data-animation-delay=200><a href=\"#first-section\" class=\"scroll-down-arrow btn-smooth-scroll\" style=\"background-color: #ffffff;\"><\/a><\/div>[\/vc_column_inner][\/vc_row_inner][\/vc_column][\/vc_row][vc_row kd_background_image_position=&#8221;vc_row-bg-position-top&#8221; css=&#8221;.vc_custom_1606153293701{margin-bottom: 0px !important;padding-top: 100px !important;}&#8221; el_id=&#8221;first-section&#8221;][vc_column css=&#8221;.vc_custom_1597839056189{padding-right: 0px !important;padding-left: 0px !important;}&#8221;]<header class=\"kd-section-title col-lg-12 text-center  subtitle-above-title kd-animated fadeIn  \" data-animation-delay=200><h6 class=\"subtitle\" style=\"color: #aeaeae;font-size:15px;\">NOS SOLUTIONS EN UN COUP D'\u0152IL<\/h6><h2 class=\"separator_off\" >Rendez votre entreprise plus s\u00fbre<\/h2><\/header>[\/vc_column][\/vc_row][vc_row kd_background_image_position=&#8221;vc_row-bg-position-top&#8221; css=&#8221;.vc_custom_1606153293701{margin-bottom: 0px !important;padding-top: 100px !important;}&#8221;][vc_column width=&#8221;1\/2&#8243; css=&#8221;.vc_custom_1666616007965{padding-right: 50px !important;padding-left: 50px !important;}&#8221;]<div class=\"key-icon-box icon-default icon-top cont-center ib-hover-1    with-border icon-no-background icon-no-border\" style=\"background-color: #ffffff;border: 1px solid #eaeaea;\" ><a href=\"\/fr\/solutions\/videosurveillance\/\" target=\"_self\"><div class=\"ib-wrapper\" ><div class=\"ib-simple-icon-wrapper\" style=\"margin-bottom:20px;\"><i class=\"iconsmind-Monitoring iconsmind-Seo-Icons\" style=\"font-weight: 400;\"><\/i> <\/div><h5 class=\"service-heading\" >Vid\u00e9o IP<\/h5><p >Nous proposons des solutions de vid\u00e9osurveillance adapt\u00e9es \u00e0 vos besoins et coordonnons les produits de fabricants renomm\u00e9s sp\u00e9cialement pour votre projet. Ils sont compl\u00e9t\u00e9s par des outils permettant d'am\u00e9liorer les ventes, de r\u00e9duire la d\u00e9marque et d'augmenter les b\u00e9n\u00e9fices.<\/p><\/div><\/a><\/div>[\/vc_column][vc_column width=&#8221;1\/2&#8243; css=&#8221;.vc_custom_1666615991479{padding-right: 50px !important;padding-left: 50px !important;}&#8221;]<div class=\"key-icon-box icon-default icon-top cont-center ib-hover-1    with-border icon-no-background icon-no-border\" style=\"background-color: transparent;border: 1px solid #eaeaea;\" ><a href=\"\/fr\/solutions\/analyse-de-la-vente-au-detail\/\" target=\"_self\"><div class=\"ib-wrapper\" ><div class=\"ib-simple-icon-wrapper\" style=\"margin-bottom:20px;\"><i class=\"iconsmind-Optimization iconsmind-Seo-Icons\" style=\"font-weight: 400;\"><\/i> <\/div><h5 class=\"service-heading\" >Analyse de la vente au d\u00e9tail<\/h5><p >Outre le domaine de la s\u00e9curit\u00e9, nous proposons toute une s\u00e9rie d'applications pour le commerce de d\u00e9tail qui fournissent de pr\u00e9cieuses informations statistiques et sont utiles pour atteindre vos objectifs. Les possibilit\u00e9s d'analyse font d'une simple cam\u00e9ra IP un outil intelligent pour votre parcours client.<\/p><\/div><\/a><\/div>[\/vc_column][\/vc_row][vc_row kd_background_image_position=&#8221;vc_row-bg-position-top&#8221; css=&#8221;.vc_custom_1606153293701{margin-bottom: 0px !important;padding-top: 100px !important;}&#8221;][vc_column width=&#8221;1\/2&#8243; css=&#8221;.vc_custom_1666616007965{padding-right: 50px !important;padding-left: 50px !important;}&#8221;]<div class=\"key-icon-box icon-default icon-top cont-center ib-hover-1    with-border icon-no-background icon-no-border\" style=\"background-color: transparent;border: 1px solid #eaeaea;\" ><a href=\"\/fr\/solutions\/communication-en-magasin\/\" target=\"_self\"><div class=\"ib-wrapper\" ><div class=\"ib-simple-icon-wrapper\" style=\"margin-bottom:20px;\"><i class=\"iconsmind-Speaker iconsmind-Hardware\" style=\"font-weight: 400;\"><\/i> <\/div><h5 class=\"service-heading\" >Communication en magasin<\/h5><p >Outre la sonorisation classique avec de la musique, le secteur Store Communication comprend \u00e9galement le syst\u00e8me de communication du personnel, les annonces publicitaires automatis\u00e9es ou la communication des appareils techniques - comme les syst\u00e8mes de refroidissement qui indiquent s'ils sont d\u00e9fectueux.<\/p><\/div><\/a><\/div>[\/vc_column][vc_column width=&#8221;1\/2&#8243; css=&#8221;.vc_custom_1666615991479{padding-right: 50px !important;padding-left: 50px !important;}&#8221;]<div class=\"key-icon-box icon-default icon-top cont-center ib-hover-1    with-border icon-no-background icon-no-border\" style=\"background-color: transparent;border: 1px solid #eaeaea;\" ><a href=\"\/fr\/solutions\/systeme-dalarme-anti-intrusion\/\" target=\"_self\"><div class=\"ib-wrapper\" ><div class=\"ib-simple-icon-wrapper\" style=\"margin-bottom:20px;\"><i class=\"iconsmind-Computer-Secure iconsmind-Security\" style=\"font-weight: 400;\"><\/i> <\/div><h5 class=\"service-heading\" >Intrusion dans les magasins<\/h5><p >Les co\u00fbts engendr\u00e9s en cas de vol, d'effraction ou de vandalisme peuvent, dans certaines circonstances, menacer l'existence d'une entreprise. Mais d'autres dangers comme l'eau, la fum\u00e9e, le gaz ou une panne technique peuvent \u00e9galement d\u00e9clencher une alarme et \u00e9viter ainsi le pire.<\/p><\/div><\/a><\/div>[\/vc_column][\/vc_row][vc_row full_width=&#8221;stretch_row_content_no_spaces&#8221; kd_background_image_position=&#8221;vc_row-bg-position-top&#8221; css=&#8221;.vc_custom_1596729589098{padding-top: 0px !important;padding-bottom: 100px !important;}&#8221;][vc_column][\/vc_column][\/vc_row]<\/p>\n","protected":false},"excerpt":{"rendered":"<p>[vc_row full_width=&#8221;stretch_row&#8221; kd_background_image_position=&#8221;vc_row-bg-position-top&#8221; css=&#8221;.vc_custom_1719487415155{padding-top: 260px !important;padding-bottom: 260px !important;background-image: url(https:\/\/vi2vi-retail-solution.com\/wp-content\/uploads\/2022\/11\/header_einkaufszentrum-orange1920x800px.jpg?id=10071) !important;background-position: center !important;background-repeat: no-repeat !important;background-size: cover !important;}&#8221; el_class=&#8221;intro-section&#8221; css_mobile=&#8221;.vc_custom_1719487415157{padding-top: 100px !important;padding-bottom: [&hellip;]<\/p>\n","protected":false},"author":1,"featured_media":0,"parent":0,"menu_order":0,"comment_status":"closed","ping_status":"closed","template":"","meta":{"footnotes":""},"class_list":["post-10946","page","type-page","status-publish","hentry"],"yoast_head":"<!-- This site is optimized with the Yoast SEO plugin v24.0 - https:\/\/yoast.com\/wordpress\/plugins\/seo\/ -->\n<title>Solutions - vi2vi Retail Solution<\/title>\n<meta name=\"robots\" content=\"index, follow, max-snippet:-1, max-image-preview:large, max-video-preview:-1\" \/>\n<link rel=\"canonical\" href=\"https:\/\/vi2vi-retail-solution.com\/fr\/solutions\/\" \/>\n<meta property=\"og:locale\" content=\"fr_FR\" \/>\n<meta property=\"og:type\" content=\"article\" \/>\n<meta property=\"og:title\" content=\"Solutions - vi2vi Retail Solution\" \/>\n<meta property=\"og:description\" content=\"[vc_row full_width=&#8221;stretch_row&#8221; kd_background_image_position=&#8221;vc_row-bg-position-top&#8221; css=&#8221;.vc_custom_1719487415155{padding-top: 260px !important;padding-bottom: 260px !important;background-image: url(https:\/\/vi2vi-retail-solution.com\/wp-content\/uploads\/2022\/11\/header_einkaufszentrum-orange1920x800px.jpg?id=10071) !important;background-position: center !important;background-repeat: no-repeat !important;background-size: cover !important;}&#8221; el_class=&#8221;intro-section&#8221; css_mobile=&#8221;.vc_custom_1719487415157{padding-top: 100px !important;padding-bottom: [&hellip;]\" \/>\n<meta property=\"og:url\" content=\"https:\/\/vi2vi-retail-solution.com\/fr\/solutions\/\" \/>\n<meta property=\"og:site_name\" content=\"vi2vi Retail Solution\" \/>\n<meta property=\"article:modified_time\" content=\"2024-06-27T11:23:38+00:00\" \/>\n<meta name=\"twitter:card\" content=\"summary_large_image\" \/>\n<meta name=\"twitter:label1\" content=\"Dur\u00e9e de lecture estim\u00e9e\" \/>\n\t<meta name=\"twitter:data1\" content=\"5 minutes\" \/>\n<script type=\"application\/ld+json\" class=\"yoast-schema-graph\">{\"@context\":\"https:\/\/schema.org\",\"@graph\":[{\"@type\":\"WebPage\",\"@id\":\"https:\/\/vi2vi-retail-solution.com\/fr\/solutions\/\",\"url\":\"https:\/\/vi2vi-retail-solution.com\/fr\/solutions\/\",\"name\":\"Solutions - vi2vi Retail Solution\",\"isPartOf\":{\"@id\":\"https:\/\/vi2vi-retail-solution.com\/fr\/#website\"},\"datePublished\":\"2022-10-24T11:06:05+00:00\",\"dateModified\":\"2024-06-27T11:23:38+00:00\",\"breadcrumb\":{\"@id\":\"https:\/\/vi2vi-retail-solution.com\/fr\/solutions\/#breadcrumb\"},\"inLanguage\":\"fr-FR\",\"potentialAction\":[{\"@type\":\"ReadAction\",\"target\":[\"https:\/\/vi2vi-retail-solution.com\/fr\/solutions\/\"]}]},{\"@type\":\"BreadcrumbList\",\"@id\":\"https:\/\/vi2vi-retail-solution.com\/fr\/solutions\/#breadcrumb\",\"itemListElement\":[{\"@type\":\"ListItem\",\"position\":1,\"name\":\"Startseite\",\"item\":\"https:\/\/vi2vi-retail-solution.com\/fr\/\"},{\"@type\":\"ListItem\",\"position\":2,\"name\":\"Solutions\"}]},{\"@type\":\"WebSite\",\"@id\":\"https:\/\/vi2vi-retail-solution.com\/fr\/#website\",\"url\":\"https:\/\/vi2vi-retail-solution.com\/fr\/\",\"name\":\"vi2vi Retail Solution\",\"description\":\"IP-Video for Retail\",\"potentialAction\":[{\"@type\":\"SearchAction\",\"target\":{\"@type\":\"EntryPoint\",\"urlTemplate\":\"https:\/\/vi2vi-retail-solution.com\/fr\/?s={search_term_string}\"},\"query-input\":{\"@type\":\"PropertyValueSpecification\",\"valueRequired\":true,\"valueName\":\"search_term_string\"}}],\"inLanguage\":\"fr-FR\"}]}<\/script>\n<!-- \/ Yoast SEO plugin. -->","yoast_head_json":{"title":"Solutions - vi2vi Retail Solution","robots":{"index":"index","follow":"follow","max-snippet":"max-snippet:-1","max-image-preview":"max-image-preview:large","max-video-preview":"max-video-preview:-1"},"canonical":"https:\/\/vi2vi-retail-solution.com\/fr\/solutions\/","og_locale":"fr_FR","og_type":"article","og_title":"Solutions - vi2vi Retail Solution","og_description":"[vc_row full_width=&#8221;stretch_row&#8221; kd_background_image_position=&#8221;vc_row-bg-position-top&#8221; css=&#8221;.vc_custom_1719487415155{padding-top: 260px !important;padding-bottom: 260px !important;background-image: url(https:\/\/vi2vi-retail-solution.com\/wp-content\/uploads\/2022\/11\/header_einkaufszentrum-orange1920x800px.jpg?id=10071) !important;background-position: center !important;background-repeat: no-repeat !important;background-size: cover !important;}&#8221; el_class=&#8221;intro-section&#8221; css_mobile=&#8221;.vc_custom_1719487415157{padding-top: 100px !important;padding-bottom: [&hellip;]","og_url":"https:\/\/vi2vi-retail-solution.com\/fr\/solutions\/","og_site_name":"vi2vi Retail Solution","article_modified_time":"2024-06-27T11:23:38+00:00","twitter_card":"summary_large_image","twitter_misc":{"Dur\u00e9e de lecture estim\u00e9e":"5 minutes"},"schema":{"@context":"https:\/\/schema.org","@graph":[{"@type":"WebPage","@id":"https:\/\/vi2vi-retail-solution.com\/fr\/solutions\/","url":"https:\/\/vi2vi-retail-solution.com\/fr\/solutions\/","name":"Solutions - vi2vi Retail Solution","isPartOf":{"@id":"https:\/\/vi2vi-retail-solution.com\/fr\/#website"},"datePublished":"2022-10-24T11:06:05+00:00","dateModified":"2024-06-27T11:23:38+00:00","breadcrumb":{"@id":"https:\/\/vi2vi-retail-solution.com\/fr\/solutions\/#breadcrumb"},"inLanguage":"fr-FR","potentialAction":[{"@type":"ReadAction","target":["https:\/\/vi2vi-retail-solution.com\/fr\/solutions\/"]}]},{"@type":"BreadcrumbList","@id":"https:\/\/vi2vi-retail-solution.com\/fr\/solutions\/#breadcrumb","itemListElement":[{"@type":"ListItem","position":1,"name":"Startseite","item":"https:\/\/vi2vi-retail-solution.com\/fr\/"},{"@type":"ListItem","position":2,"name":"Solutions"}]},{"@type":"WebSite","@id":"https:\/\/vi2vi-retail-solution.com\/fr\/#website","url":"https:\/\/vi2vi-retail-solution.com\/fr\/","name":"vi2vi Retail Solution","description":"IP-Video for Retail","potentialAction":[{"@type":"SearchAction","target":{"@type":"EntryPoint","urlTemplate":"https:\/\/vi2vi-retail-solution.com\/fr\/?s={search_term_string}"},"query-input":{"@type":"PropertyValueSpecification","valueRequired":true,"valueName":"search_term_string"}}],"inLanguage":"fr-FR"}]}},"_links":{"self":[{"href":"https:\/\/vi2vi-retail-solution.com\/fr\/wp-json\/wp\/v2\/pages\/10946","targetHints":{"allow":["GET"]}}],"collection":[{"href":"https:\/\/vi2vi-retail-solution.com\/fr\/wp-json\/wp\/v2\/pages"}],"about":[{"href":"https:\/\/vi2vi-retail-solution.com\/fr\/wp-json\/wp\/v2\/types\/page"}],"author":[{"embeddable":true,"href":"https:\/\/vi2vi-retail-solution.com\/fr\/wp-json\/wp\/v2\/users\/1"}],"replies":[{"embeddable":true,"href":"https:\/\/vi2vi-retail-solution.com\/fr\/wp-json\/wp\/v2\/comments?post=10946"}],"version-history":[{"count":8,"href":"https:\/\/vi2vi-retail-solution.com\/fr\/wp-json\/wp\/v2\/pages\/10946\/revisions"}],"predecessor-version":[{"id":12185,"href":"https:\/\/vi2vi-retail-solution.com\/fr\/wp-json\/wp\/v2\/pages\/10946\/revisions\/12185"}],"wp:attachment":[{"href":"https:\/\/vi2vi-retail-solution.com\/fr\/wp-json\/wp\/v2\/media?parent=10946"}],"curies":[{"name":"wp","href":"https:\/\/api.w.org\/{rel}","templated":true}]}}